{"id":1192,"date":"2023-12-11T11:57:28","date_gmt":"2023-12-11T10:57:28","guid":{"rendered":"https:\/\/nrdocusafe.lu\/gesicherte-aktenwagen\/"},"modified":"2024-03-15T10:51:05","modified_gmt":"2024-03-15T09:51:05","slug":"sicherheitsbehalter","status":"publish","type":"page","link":"https:\/\/nrdocusafe.lu\/de\/sicherheitsbehalter\/","title":{"rendered":"Sicherheitsbeh\u00e4lter"},"content":{"rendered":"\t\t<div data-elementor-type=\"wp-page\" data-elementor-id=\"1192\" class=\"elementor elementor-1192 elementor-473\" data-elementor-post-type=\"page\">\n\t\t\t\t<div class=\"elementor-element elementor-element-09678b9 e-flex e-con-boxed e-con e-parent\" data-id=\"09678b9\" data-element_type=\"container\" data-e-type=\"container\">\n\t\t\t\t\t<div class=\"e-con-inner\">\n\t\t\t\t<div class=\"elementor-element elementor-element-bcd7c44 elementor-widget elementor-widget-heading\" data-id=\"bcd7c44\" data-element_type=\"widget\" data-e-type=\"widget\" data-widget_type=\"heading.default\">\n\t\t\t\t<div class=\"elementor-widget-container\">\n\t\t\t\t\t<h1 class=\"elementor-heading-title elementor-size-default\">Sicherheitsbeh\u00e4lter<\/h1>\t\t\t\t<\/div>\n\t\t\t\t<\/div>\n\t\t\t\t\t<\/div>\n\t\t\t\t<\/div>\n\t\t<div class=\"elementor-element elementor-element-eece28b e-flex e-con-boxed e-con e-parent\" data-id=\"eece28b\" data-element_type=\"container\" data-e-type=\"container\" data-settings=\"{&quot;background_background&quot;:&quot;classic&quot;}\">\n\t\t\t\t\t<div class=\"e-con-inner\">\n\t\t<div class=\"elementor-element elementor-element-64611122 e-con-full e-flex e-con e-child\" data-id=\"64611122\" data-element_type=\"container\" data-e-type=\"container\">\n\t\t\t\t<div class=\"elementor-element elementor-element-5b9fdb1f elementor-widget elementor-widget-heading\" data-id=\"5b9fdb1f\" data-element_type=\"widget\" data-e-type=\"widget\" data-widget_type=\"heading.default\">\n\t\t\t\t<div class=\"elementor-widget-container\">\n\t\t\t\t\t<h1 class=\"elementor-heading-title elementor-size-default\">Vorbereitung und Sicherung f\u00fcr den Transport <\/h1>\t\t\t\t<\/div>\n\t\t\t\t<\/div>\n\t\t\t\t<div class=\"elementor-element elementor-element-7f225a11 elementor-widget elementor-widget-text-editor\" data-id=\"7f225a11\" data-element_type=\"widget\" data-e-type=\"widget\" data-widget_type=\"text-editor.default\">\n\t\t\t\t<div class=\"elementor-widget-container\">\n\t\t\t\t\t\t\t\t\t<p>Der Umgang mit vertraulichen Daten bei nr docusafe beginnt mit einem entscheidenden Schritt: der Sicherheit bei der Vorbereitung f\u00fcr den Transport. Um Ihren Anforderungen gerecht zu werden, bieten wir eine breite Palette an sicheren legierten Beh\u00e4ltern und Containern in verschiedenen Gr\u00f6\u00dfen (80, 120, 240, und 415 Liter) an. Diese Beh\u00e4lter sind ideal f\u00fcr den Transport Ihrer Papierunterlagen, Archive oder anderer sensibler Datentr\u00e4ger. Die Wahl des richtigen Beh\u00e4lter-Typs erfolgt nach einer gr\u00fcndlichen Untersuchung, bei der verschiedene Kriterien wie die Anzahl der Nutzer und der verf\u00fcgbare Platz in Ihren R\u00e4umlichkeiten ber\u00fccksichtigt werden.<\/p>\n\t\t\t\t\t\t\t\t<\/div>\n\t\t\t\t<\/div>\n\t\t\t\t<\/div>\n\t\t<div class=\"elementor-element elementor-element-293c4dbe e-con-full e-flex e-con e-child\" data-id=\"293c4dbe\" data-element_type=\"container\" data-e-type=\"container\">\n\t\t\t\t<div class=\"elementor-element elementor-element-47a4c632 elementor-widget elementor-widget-image\" data-id=\"47a4c632\" data-element_type=\"widget\" data-e-type=\"widget\" data-widget_type=\"image.default\">\n\t\t\t\t<div class=\"elementor-widget-container\">\n\t\t\t\t\t\t\t\t\t\t\t\t\t\t\t<img fetchpriority=\"high\" decoding=\"async\" width=\"700\" height=\"480\" src=\"https:\/\/nrdocusafe.lu\/wp-content\/uploads\/2024\/02\/chariots.webp\" class=\"attachment-large size-large wp-image-1163\" alt=\"\" srcset=\"https:\/\/nrdocusafe.lu\/wp-content\/uploads\/2024\/02\/chariots.webp 700w, https:\/\/nrdocusafe.lu\/wp-content\/uploads\/2024\/02\/chariots-300x206.webp 300w\" sizes=\"(max-width: 700px) 100vw, 700px\" \/>\t\t\t\t\t\t\t\t\t\t\t\t\t\t\t<\/div>\n\t\t\t\t<\/div>\n\t\t\t\t<\/div>\n\t\t\t\t\t<\/div>\n\t\t\t\t<\/div>\n\t\t<div class=\"elementor-element elementor-element-553c9fae e-flex e-con-boxed e-con e-parent\" data-id=\"553c9fae\" data-element_type=\"container\" data-e-type=\"container\">\n\t\t\t\t\t<div class=\"e-con-inner\">\n\t\t<div class=\"elementor-element elementor-element-44b5a52c e-con-full e-flex e-con e-child\" data-id=\"44b5a52c\" data-element_type=\"container\" data-e-type=\"container\">\n\t\t\t\t<div class=\"elementor-element elementor-element-86ab069 e-transform elementor-widget elementor-widget-image\" data-id=\"86ab069\" data-element_type=\"widget\" data-e-type=\"widget\" data-settings=\"{&quot;_transform_flipX_effect&quot;:&quot;transform&quot;}\" data-widget_type=\"image.default\">\n\t\t\t\t<div class=\"elementor-widget-container\">\n\t\t\t\t\t\t\t\t\t\t\t\t\t\t\t<img decoding=\"async\" width=\"700\" height=\"480\" src=\"https:\/\/nrdocusafe.lu\/wp-content\/uploads\/2023\/12\/scelle.webp\" class=\"attachment-large size-large wp-image-1109\" alt=\"\" srcset=\"https:\/\/nrdocusafe.lu\/wp-content\/uploads\/2023\/12\/scelle.webp 700w, https:\/\/nrdocusafe.lu\/wp-content\/uploads\/2023\/12\/scelle-300x206.webp 300w\" sizes=\"(max-width: 700px) 100vw, 700px\" \/>\t\t\t\t\t\t\t\t\t\t\t\t\t\t\t<\/div>\n\t\t\t\t<\/div>\n\t\t\t\t<\/div>\n\t\t<div class=\"elementor-element elementor-element-5628999f e-con-full e-flex e-con e-child\" data-id=\"5628999f\" data-element_type=\"container\" data-e-type=\"container\">\n\t\t\t\t<div class=\"elementor-element elementor-element-1ab64586 elementor-widget elementor-widget-heading\" data-id=\"1ab64586\" data-element_type=\"widget\" data-e-type=\"widget\" data-widget_type=\"heading.default\">\n\t\t\t\t<div class=\"elementor-widget-container\">\n\t\t\t\t\t<h1 class=\"elementor-heading-title elementor-size-default\">Garantie f\u00fcr Sicherheit und Kontrolle <\/h1>\t\t\t\t<\/div>\n\t\t\t\t<\/div>\n\t\t\t\t<div class=\"elementor-element elementor-element-1b306b36 elementor-widget elementor-widget-text-editor\" data-id=\"1b306b36\" data-element_type=\"widget\" data-e-type=\"widget\" data-widget_type=\"text-editor.default\">\n\t\t\t\t<div class=\"elementor-widget-container\">\n\t\t\t\t\t\t\t\t\t<p>Ab dem Zeitpunkt der \u00dcbernahme der Sicherheitsbeh\u00e4lter sorgen wir f\u00fcr permanente Sicherheit und Kontrolle. Die Beh\u00e4lter k\u00f6nnen auch mit <span style=\"letter-spacing: 0px; word-spacing: 0em;\">nummerierten Plomben<\/span> versehen werden. <span style=\"letter-spacing: 0px; word-spacing: 0em;\">Der Transport der Beh\u00e4lter erfolgt in mit einem Ortungssystem ausgestatteten Lastwagen\/Lieferwagen, und das Gel\u00e4nde von nr docusafe ist gesichert und wird mit Kameras \u00fcberwacht. Die Beh\u00e4lter bleiben verschlossen und werden erst bei der Ankunft in unserem Vernichtungsbereich ge\u00f6ffnet. Der Kunde erh\u00e4lt eine <b>Vernichtungsbescheinigung<\/b>.<\/span><\/p>\n\t\t\t\t\t\t\t\t<\/div>\n\t\t\t\t<\/div>\n\t\t\t\t<\/div>\n\t\t\t\t\t<\/div>\n\t\t\t\t<\/div>\n\t\t<div class=\"elementor-element elementor-element-2a81f1a e-flex e-con-boxed e-con e-parent\" data-id=\"2a81f1a\" data-element_type=\"container\" data-e-type=\"container\" data-settings=\"{&quot;background_background&quot;:&quot;classic&quot;}\">\n\t\t\t\t\t<div class=\"e-con-inner\">\n\t\t<div class=\"elementor-element elementor-element-25d0b9c e-con-full e-flex e-con e-child\" data-id=\"25d0b9c\" data-element_type=\"container\" data-e-type=\"container\">\n\t\t\t\t<div class=\"elementor-element elementor-element-5980c4a elementor-widget__width-initial elementor-widget elementor-widget-heading\" data-id=\"5980c4a\" data-element_type=\"widget\" data-e-type=\"widget\" data-widget_type=\"heading.default\">\n\t\t\t\t<div class=\"elementor-widget-container\">\n\t\t\t\t\t<h1 class=\"elementor-heading-title elementor-size-default\">Vernichtungsnormen und Transportverfahren <\/h1>\t\t\t\t<\/div>\n\t\t\t\t<\/div>\n\t\t\t\t<div class=\"elementor-element elementor-element-c8d96b6 elementor-widget elementor-widget-text-editor\" data-id=\"c8d96b6\" data-element_type=\"widget\" data-e-type=\"widget\" data-widget_type=\"text-editor.default\">\n\t\t\t\t<div class=\"elementor-widget-container\">\n\t\t\t\t\t\t\t\t\t<p>Die Vernichtung der Daten erfolgt unmittelbar nach der Ankunft gem\u00e4\u00df der DIN 66399 Norm. Unsere Transportverfahren sind streng: Unsere Mitarbeiter nutzen die k\u00fcrzesten Wege zu unserem Standort. Dar\u00fcber hinaus sind unsere Fahrzeuge mit Geolokalisierungssystemen ausgestattet, um ihre Position in Echtzeit verfolgen zu k\u00f6nnen.<\/p>\n\t\t\t\t\t\t\t\t<\/div>\n\t\t\t\t<\/div>\n\t\t\t\t<\/div>\n\t\t<div class=\"elementor-element elementor-element-6d86bff e-con-full e-flex e-con e-child\" data-id=\"6d86bff\" data-element_type=\"container\" data-e-type=\"container\">\n\t\t\t\t<div class=\"elementor-element elementor-element-8547a84 elementor-widget elementor-widget-image\" data-id=\"8547a84\" data-element_type=\"widget\" data-e-type=\"widget\" data-widget_type=\"image.default\">\n\t\t\t\t<div class=\"elementor-widget-container\">\n\t\t\t\t\t\t\t\t\t\t\t\t\t\t\t<img decoding=\"async\" width=\"720\" height=\"411\" src=\"https:\/\/nrdocusafe.lu\/wp-content\/uploads\/2023\/12\/transports.webp\" class=\"attachment-large size-large wp-image-1111\" alt=\"\" srcset=\"https:\/\/nrdocusafe.lu\/wp-content\/uploads\/2023\/12\/transports.webp 720w, https:\/\/nrdocusafe.lu\/wp-content\/uploads\/2023\/12\/transports-300x171.webp 300w\" sizes=\"(max-width: 720px) 100vw, 720px\" \/>\t\t\t\t\t\t\t\t\t\t\t\t\t\t\t<\/div>\n\t\t\t\t<\/div>\n\t\t\t\t<\/div>\n\t\t\t\t\t<\/div>\n\t\t\t\t<\/div>\n\t\t<div class=\"elementor-element elementor-element-1370807e e-flex e-con-boxed e-con e-parent\" data-id=\"1370807e\" data-element_type=\"container\" data-e-type=\"container\">\n\t\t\t\t\t<div class=\"e-con-inner\">\n\t\t\t\t<div class=\"elementor-element elementor-element-1c7dfb71 elementor-widget elementor-widget-heading\" data-id=\"1c7dfb71\" data-element_type=\"widget\" data-e-type=\"widget\" data-widget_type=\"heading.default\">\n\t\t\t\t<div class=\"elementor-widget-container\">\n\t\t\t\t\t<h3 class=\"elementor-heading-title elementor-size-default\">Sie m\u00f6chten weitere Informationen zu unseren gesicherten Aktenwagen erhalten? Gerne geben wir Auskunft.<\/h3>\t\t\t\t<\/div>\n\t\t\t\t<\/div>\n\t\t\t\t<div class=\"elementor-element elementor-element-32e4ce05 elementor-align-center elementor-mobile-align-center elementor-widget elementor-widget-button\" data-id=\"32e4ce05\" data-element_type=\"widget\" data-e-type=\"widget\" data-widget_type=\"button.default\">\n\t\t\t\t<div class=\"elementor-widget-container\">\n\t\t\t\t\t\t\t\t\t<div class=\"elementor-button-wrapper\">\n\t\t\t\t\t<a class=\"elementor-button elementor-button-link elementor-size-sm\" href=\"#\">\n\t\t\t\t\t\t<span class=\"elementor-button-content-wrapper\">\n\t\t\t\t\t\t\t\t\t<span class=\"elementor-button-text\">Kontaktieren Sie uns<\/span>\n\t\t\t\t\t<\/span>\n\t\t\t\t\t<\/a>\n\t\t\t\t<\/div>\n\t\t\t\t\t\t\t\t<\/div>\n\t\t\t\t<\/div>\n\t\t\t\t\t<\/div>\n\t\t\t\t<\/div>\n\t\t\t\t<\/div>\n\t\t","protected":false},"excerpt":{"rendered":"<p>Sicherheitsbeh\u00e4lter Vorbereitung und Sicherung f\u00fcr den Transport Der Umgang mit vertraulichen Daten bei nr docusafe beginnt mit einem entscheidenden Schritt: der Sicherheit bei der Vorbereitung f\u00fcr den Transport. Um Ihren Anforderungen gerecht zu werden, bieten wir eine breite Palette an sicheren legierten Beh\u00e4ltern und Containern in verschiedenen Gr\u00f6\u00dfen (80, 120, 240, und 415 Liter) an. [&hellip;]<\/p>\n","protected":false},"author":2,"featured_media":0,"parent":0,"menu_order":0,"comment_status":"closed","ping_status":"closed","template":"","meta":{"footnotes":""},"class_list":["post-1192","page","type-page","status-publish","hentry"],"yoast_head":"<!-- This site is optimized with the Yoast SEO plugin v27.2 - https:\/\/yoast.com\/product\/yoast-seo-wordpress\/ -->\n<title>Sicherheitsbeh\u00e4lter - nrdocusafe<\/title>\n<meta name=\"description\" content=\"Um Ihren Bed\u00fcrfnissen bestm\u00f6glich gerecht zu werden, bieten wir eine breite Palette an legierten Sicherheitswagen in verschiedenen Gr\u00f6\u00dfen an.\" \/>\n<meta name=\"robots\" content=\"index, follow, max-snippet:-1, max-image-preview:large, max-video-preview:-1\" \/>\n<link rel=\"canonical\" href=\"https:\/\/nrdocusafe.lu\/de\/sicherheitsbehalter\/\" \/>\n<meta property=\"og:locale\" content=\"de_DE\" \/>\n<meta property=\"og:type\" content=\"article\" \/>\n<meta property=\"og:title\" content=\"Sicherheitsbeh\u00e4lter - nrdocusafe\" \/>\n<meta property=\"og:description\" content=\"Um Ihren Bed\u00fcrfnissen bestm\u00f6glich gerecht zu werden, bieten wir eine breite Palette an legierten Sicherheitswagen in verschiedenen Gr\u00f6\u00dfen an.\" \/>\n<meta property=\"og:url\" content=\"https:\/\/nrdocusafe.lu\/de\/sicherheitsbehalter\/\" \/>\n<meta property=\"og:site_name\" content=\"nrdocusafe\" \/>\n<meta property=\"article:modified_time\" content=\"2024-03-15T09:51:05+00:00\" \/>\n<meta property=\"og:image\" content=\"https:\/\/nrdocusafe.lu\/wp-content\/uploads\/2024\/02\/chariots.webp\" \/>\n<meta name=\"twitter:card\" content=\"summary_large_image\" \/>\n<meta name=\"twitter:label1\" content=\"Gesch\u00e4tzte Lesezeit\" \/>\n\t<meta name=\"twitter:data1\" content=\"1\u00a0Minute\" \/>\n<script type=\"application\/ld+json\" class=\"yoast-schema-graph\">{\"@context\":\"https:\/\/schema.org\",\"@graph\":[{\"@type\":\"WebPage\",\"@id\":\"https:\/\/nrdocusafe.lu\/de\/sicherheitsbehalter\/\",\"url\":\"https:\/\/nrdocusafe.lu\/de\/sicherheitsbehalter\/\",\"name\":\"Sicherheitsbeh\u00e4lter - nrdocusafe\",\"isPartOf\":{\"@id\":\"https:\/\/nrdocusafe.lu\/de\/#website\"},\"primaryImageOfPage\":{\"@id\":\"https:\/\/nrdocusafe.lu\/de\/sicherheitsbehalter\/#primaryimage\"},\"image\":{\"@id\":\"https:\/\/nrdocusafe.lu\/de\/sicherheitsbehalter\/#primaryimage\"},\"thumbnailUrl\":\"https:\/\/nrdocusafe.lu\/wp-content\/uploads\/2024\/02\/chariots.webp\",\"datePublished\":\"2023-12-11T10:57:28+00:00\",\"dateModified\":\"2024-03-15T09:51:05+00:00\",\"description\":\"Um Ihren Bed\u00fcrfnissen bestm\u00f6glich gerecht zu werden, bieten wir eine breite Palette an legierten Sicherheitswagen in verschiedenen Gr\u00f6\u00dfen an.\",\"breadcrumb\":{\"@id\":\"https:\/\/nrdocusafe.lu\/de\/sicherheitsbehalter\/#breadcrumb\"},\"inLanguage\":\"de\",\"potentialAction\":[{\"@type\":\"ReadAction\",\"target\":[\"https:\/\/nrdocusafe.lu\/de\/sicherheitsbehalter\/\"]}]},{\"@type\":\"ImageObject\",\"inLanguage\":\"de\",\"@id\":\"https:\/\/nrdocusafe.lu\/de\/sicherheitsbehalter\/#primaryimage\",\"url\":\"https:\/\/nrdocusafe.lu\/wp-content\/uploads\/2024\/02\/chariots.webp\",\"contentUrl\":\"https:\/\/nrdocusafe.lu\/wp-content\/uploads\/2024\/02\/chariots.webp\"},{\"@type\":\"BreadcrumbList\",\"@id\":\"https:\/\/nrdocusafe.lu\/de\/sicherheitsbehalter\/#breadcrumb\",\"itemListElement\":[{\"@type\":\"ListItem\",\"position\":1,\"name\":\"Home\",\"item\":\"https:\/\/nrdocusafe.lu\/de\/startseite\/\"},{\"@type\":\"ListItem\",\"position\":2,\"name\":\"Sicherheitsbeh\u00e4lter\"}]},{\"@type\":\"WebSite\",\"@id\":\"https:\/\/nrdocusafe.lu\/de\/#website\",\"url\":\"https:\/\/nrdocusafe.lu\/de\/\",\"name\":\"nr docusafe\",\"description\":\"When highest care becomes standard\",\"publisher\":{\"@id\":\"https:\/\/nrdocusafe.lu\/de\/#organization\"},\"potentialAction\":[{\"@type\":\"SearchAction\",\"target\":{\"@type\":\"EntryPoint\",\"urlTemplate\":\"https:\/\/nrdocusafe.lu\/de\/?s={search_term_string}\"},\"query-input\":{\"@type\":\"PropertyValueSpecification\",\"valueRequired\":true,\"valueName\":\"search_term_string\"}}],\"inLanguage\":\"de\"},{\"@type\":\"Organization\",\"@id\":\"https:\/\/nrdocusafe.lu\/de\/#organization\",\"name\":\"nr docusafe\",\"url\":\"https:\/\/nrdocusafe.lu\/de\/\",\"logo\":{\"@type\":\"ImageObject\",\"inLanguage\":\"de\",\"@id\":\"https:\/\/nrdocusafe.lu\/de\/#\/schema\/logo\/image\/\",\"url\":\"https:\/\/nrdocusafe.lu\/wp-content\/uploads\/2023\/09\/NrDocusafe.png\",\"contentUrl\":\"https:\/\/nrdocusafe.lu\/wp-content\/uploads\/2023\/09\/NrDocusafe.png\",\"width\":209,\"height\":104,\"caption\":\"nr docusafe\"},\"image\":{\"@id\":\"https:\/\/nrdocusafe.lu\/de\/#\/schema\/logo\/image\/\"},\"sameAs\":[\"https:\/\/www.linkedin.com\/company\/nr-docusafe\/\",\"https:\/\/www.instagram.com\/nrdocusafe?igsh=M2puNW13NWFyZjJu\"]}]}<\/script>\n<!-- \/ Yoast SEO plugin. -->","yoast_head_json":{"title":"Sicherheitsbeh\u00e4lter - nrdocusafe","description":"Um Ihren Bed\u00fcrfnissen bestm\u00f6glich gerecht zu werden, bieten wir eine breite Palette an legierten Sicherheitswagen in verschiedenen Gr\u00f6\u00dfen an.","robots":{"index":"index","follow":"follow","max-snippet":"max-snippet:-1","max-image-preview":"max-image-preview:large","max-video-preview":"max-video-preview:-1"},"canonical":"https:\/\/nrdocusafe.lu\/de\/sicherheitsbehalter\/","og_locale":"de_DE","og_type":"article","og_title":"Sicherheitsbeh\u00e4lter - nrdocusafe","og_description":"Um Ihren Bed\u00fcrfnissen bestm\u00f6glich gerecht zu werden, bieten wir eine breite Palette an legierten Sicherheitswagen in verschiedenen Gr\u00f6\u00dfen an.","og_url":"https:\/\/nrdocusafe.lu\/de\/sicherheitsbehalter\/","og_site_name":"nrdocusafe","article_modified_time":"2024-03-15T09:51:05+00:00","og_image":[{"url":"https:\/\/nrdocusafe.lu\/wp-content\/uploads\/2024\/02\/chariots.webp","type":"","width":"","height":""}],"twitter_card":"summary_large_image","twitter_misc":{"Gesch\u00e4tzte Lesezeit":"1\u00a0Minute"},"schema":{"@context":"https:\/\/schema.org","@graph":[{"@type":"WebPage","@id":"https:\/\/nrdocusafe.lu\/de\/sicherheitsbehalter\/","url":"https:\/\/nrdocusafe.lu\/de\/sicherheitsbehalter\/","name":"Sicherheitsbeh\u00e4lter - nrdocusafe","isPartOf":{"@id":"https:\/\/nrdocusafe.lu\/de\/#website"},"primaryImageOfPage":{"@id":"https:\/\/nrdocusafe.lu\/de\/sicherheitsbehalter\/#primaryimage"},"image":{"@id":"https:\/\/nrdocusafe.lu\/de\/sicherheitsbehalter\/#primaryimage"},"thumbnailUrl":"https:\/\/nrdocusafe.lu\/wp-content\/uploads\/2024\/02\/chariots.webp","datePublished":"2023-12-11T10:57:28+00:00","dateModified":"2024-03-15T09:51:05+00:00","description":"Um Ihren Bed\u00fcrfnissen bestm\u00f6glich gerecht zu werden, bieten wir eine breite Palette an legierten Sicherheitswagen in verschiedenen Gr\u00f6\u00dfen an.","breadcrumb":{"@id":"https:\/\/nrdocusafe.lu\/de\/sicherheitsbehalter\/#breadcrumb"},"inLanguage":"de","potentialAction":[{"@type":"ReadAction","target":["https:\/\/nrdocusafe.lu\/de\/sicherheitsbehalter\/"]}]},{"@type":"ImageObject","inLanguage":"de","@id":"https:\/\/nrdocusafe.lu\/de\/sicherheitsbehalter\/#primaryimage","url":"https:\/\/nrdocusafe.lu\/wp-content\/uploads\/2024\/02\/chariots.webp","contentUrl":"https:\/\/nrdocusafe.lu\/wp-content\/uploads\/2024\/02\/chariots.webp"},{"@type":"BreadcrumbList","@id":"https:\/\/nrdocusafe.lu\/de\/sicherheitsbehalter\/#breadcrumb","itemListElement":[{"@type":"ListItem","position":1,"name":"Home","item":"https:\/\/nrdocusafe.lu\/de\/startseite\/"},{"@type":"ListItem","position":2,"name":"Sicherheitsbeh\u00e4lter"}]},{"@type":"WebSite","@id":"https:\/\/nrdocusafe.lu\/de\/#website","url":"https:\/\/nrdocusafe.lu\/de\/","name":"nr docusafe","description":"When highest care becomes standard","publisher":{"@id":"https:\/\/nrdocusafe.lu\/de\/#organization"},"potentialAction":[{"@type":"SearchAction","target":{"@type":"EntryPoint","urlTemplate":"https:\/\/nrdocusafe.lu\/de\/?s={search_term_string}"},"query-input":{"@type":"PropertyValueSpecification","valueRequired":true,"valueName":"search_term_string"}}],"inLanguage":"de"},{"@type":"Organization","@id":"https:\/\/nrdocusafe.lu\/de\/#organization","name":"nr docusafe","url":"https:\/\/nrdocusafe.lu\/de\/","logo":{"@type":"ImageObject","inLanguage":"de","@id":"https:\/\/nrdocusafe.lu\/de\/#\/schema\/logo\/image\/","url":"https:\/\/nrdocusafe.lu\/wp-content\/uploads\/2023\/09\/NrDocusafe.png","contentUrl":"https:\/\/nrdocusafe.lu\/wp-content\/uploads\/2023\/09\/NrDocusafe.png","width":209,"height":104,"caption":"nr docusafe"},"image":{"@id":"https:\/\/nrdocusafe.lu\/de\/#\/schema\/logo\/image\/"},"sameAs":["https:\/\/www.linkedin.com\/company\/nr-docusafe\/","https:\/\/www.instagram.com\/nrdocusafe?igsh=M2puNW13NWFyZjJu"]}]}},"_links":{"self":[{"href":"https:\/\/nrdocusafe.lu\/de\/wp-json\/wp\/v2\/pages\/1192","targetHints":{"allow":["GET"]}}],"collection":[{"href":"https:\/\/nrdocusafe.lu\/de\/wp-json\/wp\/v2\/pages"}],"about":[{"href":"https:\/\/nrdocusafe.lu\/de\/wp-json\/wp\/v2\/types\/page"}],"author":[{"embeddable":true,"href":"https:\/\/nrdocusafe.lu\/de\/wp-json\/wp\/v2\/users\/2"}],"replies":[{"embeddable":true,"href":"https:\/\/nrdocusafe.lu\/de\/wp-json\/wp\/v2\/comments?post=1192"}],"version-history":[{"count":4,"href":"https:\/\/nrdocusafe.lu\/de\/wp-json\/wp\/v2\/pages\/1192\/revisions"}],"predecessor-version":[{"id":1685,"href":"https:\/\/nrdocusafe.lu\/de\/wp-json\/wp\/v2\/pages\/1192\/revisions\/1685"}],"wp:attachment":[{"href":"https:\/\/nrdocusafe.lu\/de\/wp-json\/wp\/v2\/media?parent=1192"}],"curies":[{"name":"wp","href":"https:\/\/api.w.org\/{rel}","templated":true}]}}