{"id":1194,"date":"2023-12-11T14:34:03","date_gmt":"2023-12-11T13:34:03","guid":{"rendered":"https:\/\/nrdocusafe.lu\/kontakt\/"},"modified":"2025-08-19T14:16:25","modified_gmt":"2025-08-19T12:16:25","slug":"kontakt","status":"publish","type":"page","link":"https:\/\/nrdocusafe.lu\/de\/kontakt\/","title":{"rendered":"Kontakt"},"content":{"rendered":"\t\t<div data-elementor-type=\"wp-page\" data-elementor-id=\"1194\" class=\"elementor elementor-1194 elementor-551\" data-elementor-post-type=\"page\">\n\t\t\t\t<div class=\"elementor-element elementor-element-eece28b e-flex e-con-boxed e-con e-parent\" data-id=\"eece28b\" data-element_type=\"container\" data-e-type=\"container\" data-settings=\"{&quot;background_background&quot;:&quot;classic&quot;}\">\n\t\t\t\t\t<div class=\"e-con-inner\">\n\t\t<div class=\"elementor-element elementor-element-64611122 e-con-full e-flex e-con e-child\" data-id=\"64611122\" data-element_type=\"container\" data-e-type=\"container\">\n\t\t\t\t<div class=\"elementor-element elementor-element-5b9fdb1f elementor-widget elementor-widget-heading\" data-id=\"5b9fdb1f\" data-element_type=\"widget\" data-e-type=\"widget\" data-widget_type=\"heading.default\">\n\t\t\t\t<div class=\"elementor-widget-container\">\n\t\t\t\t\t<h1 class=\"elementor-heading-title elementor-size-default\">Kontaktieren Sie uns<\/h1>\t\t\t\t<\/div>\n\t\t\t\t<\/div>\n\t\t\t\t<div class=\"elementor-element elementor-element-7f225a11 elementor-widget elementor-widget-text-editor\" data-id=\"7f225a11\" data-element_type=\"widget\" data-e-type=\"widget\" data-widget_type=\"text-editor.default\">\n\t\t\t\t<div class=\"elementor-widget-container\">\n\t\t\t\t\t\t\t\t\t<p>Wenn Sie Fragen haben, einen Kostenvoranschlag w\u00fcnschen oder weitere Informationen ben\u00f6tigen, kontaktieren Sie uns bitte \u00fcber dieses Formular. Wir engagieren uns, Ihnen eine schnelle Antwort zu liefern, die auf Ihre spezifischen Bed\u00fcrfnisse zugeschnitten ist. Ihre Zufriedenheit ist unsere Priorit\u00e4t.<\/p>\n<p><b>nr docusafe S.\u00e0 r.l.<\/b><br>4 Z.I. Breedewues<br>L-1259 Senningerberg<\/p>\n<p>E-mail:&nbsp;info@nrdocusafe.lu<br>Telefon: +352 26 71 81<\/p>\t\t\t\t\t\t\t\t<\/div>\n\t\t\t\t<\/div>\n\t\t\t\t<\/div>\n\t\t<div class=\"elementor-element elementor-element-293c4dbe e-con-full e-flex e-con e-child\" data-id=\"293c4dbe\" data-element_type=\"container\" data-e-type=\"container\">\n\t\t\t\t<div class=\"elementor-element elementor-element-9f774e6 elementor-button-align-stretch elementor-widget elementor-widget-form\" data-id=\"9f774e6\" data-element_type=\"widget\" data-e-type=\"widget\" data-settings=\"{&quot;step_next_label&quot;:&quot;Weiter&quot;,&quot;step_previous_label&quot;:&quot;Vorherige&quot;,&quot;button_width&quot;:&quot;100&quot;,&quot;step_type&quot;:&quot;number_text&quot;,&quot;step_icon_shape&quot;:&quot;circle&quot;}\" data-widget_type=\"form.default\">\n\t\t\t\t<div class=\"elementor-widget-container\">\n\t\t\t\t\t\t\t<form class=\"elementor-form\" method=\"post\" name=\"Contact forme\" aria-label=\"Contact forme\">\n\t\t\t<input type=\"hidden\" name=\"post_id\" value=\"1194\"\/>\n\t\t\t<input type=\"hidden\" name=\"form_id\" value=\"9f774e6\"\/>\n\t\t\t<input type=\"hidden\" name=\"referer_title\" value=\"Kontakt - nrdocusafe\" \/>\n\n\t\t\t\t\t\t\t<input type=\"hidden\" name=\"queried_id\" value=\"1194\"\/>\n\t\t\t\n\t\t\t<div class=\"elementor-form-fields-wrapper elementor-labels-above\">\n\t\t\t\t\t\t\t\t<div class=\"elementor-field-type-text elementor-field-group elementor-column elementor-field-group-name elementor-col-100\">\n\t\t\t\t\t\t\t\t\t\t\t\t<label for=\"form-field-name\" class=\"elementor-field-label\">\n\t\t\t\t\t\t\t\tName\t\t\t\t\t\t\t<\/label>\n\t\t\t\t\t\t\t\t\t\t\t\t\t\t<input size=\"1\" type=\"text\" name=\"form_fields[name]\" id=\"form-field-name\" class=\"elementor-field elementor-size-md  elementor-field-textual\" placeholder=\"Name\">\n\t\t\t\t\t\t\t\t\t\t\t<\/div>\n\t\t\t\t\t\t\t\t<div class=\"elementor-field-type-text elementor-field-group elementor-column elementor-field-group-entreprise elementor-col-100\">\n\t\t\t\t\t\t\t\t\t\t\t\t<label for=\"form-field-entreprise\" class=\"elementor-field-label\">\n\t\t\t\t\t\t\t\tUnternehmen\t\t\t\t\t\t\t<\/label>\n\t\t\t\t\t\t\t\t\t\t\t\t\t\t<input size=\"1\" type=\"text\" name=\"form_fields[entreprise]\" id=\"form-field-entreprise\" class=\"elementor-field elementor-size-md  elementor-field-textual\">\n\t\t\t\t\t\t\t\t\t\t\t<\/div>\n\t\t\t\t\t\t\t\t<div class=\"elementor-field-type-email elementor-field-group elementor-column elementor-field-group-email elementor-col-100 elementor-field-required\">\n\t\t\t\t\t\t\t\t\t\t\t\t<label for=\"form-field-email\" class=\"elementor-field-label\">\n\t\t\t\t\t\t\t\tE-Mail\t\t\t\t\t\t\t<\/label>\n\t\t\t\t\t\t\t\t\t\t\t\t\t\t<input size=\"1\" type=\"email\" name=\"form_fields[email]\" id=\"form-field-email\" class=\"elementor-field elementor-size-md  elementor-field-textual\" placeholder=\"E-Mail\" required=\"required\">\n\t\t\t\t\t\t\t\t\t\t\t<\/div>\n\t\t\t\t\t\t\t\t<div class=\"elementor-field-type-tel elementor-field-group elementor-column elementor-field-group-field_9bf0cbf elementor-col-100\">\n\t\t\t\t\t\t\t\t\t\t\t\t<label for=\"form-field-field_9bf0cbf\" class=\"elementor-field-label\">\n\t\t\t\t\t\t\t\tIhre Telefonnummer\t\t\t\t\t\t\t<\/label>\n\t\t\t\t\t\t\t\t<input size=\"1\" type=\"tel\" name=\"form_fields[field_9bf0cbf]\" id=\"form-field-field_9bf0cbf\" class=\"elementor-field elementor-size-md  elementor-field-textual\" placeholder=\"Ihre Telefonnummer\" pattern=\"[0-9()#&amp;+*-=.]+\" title=\"Nur Nummern oder Telefon-Zeichen (#, -, *, etc) werden akzeptiert.\">\n\n\t\t\t\t\t\t<\/div>\n\t\t\t\t\t\t\t\t<div class=\"elementor-field-type-textarea elementor-field-group elementor-column elementor-field-group-message elementor-col-100\">\n\t\t\t\t\t\t\t\t\t\t\t\t<label for=\"form-field-message\" class=\"elementor-field-label\">\n\t\t\t\t\t\t\t\tNachricht\t\t\t\t\t\t\t<\/label>\n\t\t\t\t\t\t<textarea class=\"elementor-field-textual elementor-field  elementor-size-md\" name=\"form_fields[message]\" id=\"form-field-message\" rows=\"5\" placeholder=\"Nachricht\"><\/textarea>\t\t\t\t<\/div>\n\t\t\t\t\t\t\t\t<div class=\"elementor-field-type-text\">\n\t\t\t\t\t<input size=\"1\" type=\"text\" name=\"form_fields[field_91e4dec]\" id=\"form-field-field_91e4dec\" class=\"elementor-field elementor-size-md \" style=\"display:none !important;\">\t\t\t\t<\/div>\n\t\t\t\t\t\t\t\t<div class=\"elementor-field-group elementor-column elementor-field-type-submit elementor-col-100 e-form__buttons\">\n\t\t\t\t\t<button class=\"elementor-button elementor-size-sm\" type=\"submit\">\n\t\t\t\t\t\t<span class=\"elementor-button-content-wrapper\">\n\t\t\t\t\t\t\t\t\t\t\t\t\t\t\t\t\t\t\t\t\t\t<span class=\"elementor-button-text\">Absenden<\/span>\n\t\t\t\t\t\t\t\t\t\t\t\t\t<\/span>\n\t\t\t\t\t<\/button>\n\t\t\t\t<\/div>\n\t\t\t<\/div>\n\t\t<input\n                    class=\"apbct_special_field apbct_email_id__elementor_form\"\n                    name=\"apbct__email_id__elementor_form\"\n                    aria-label=\"apbct__label_id__elementor_form\"\n                    type=\"text\" size=\"30\" maxlength=\"200\" autocomplete=\"off\"\n                    value=\"\"\n                \/><\/form>\n\t\t\t\t\t\t<\/div>\n\t\t\t\t<\/div>\n\t\t\t\t<\/div>\n\t\t\t\t\t<\/div>\n\t\t\t\t<\/div>\n\t\t<div class=\"elementor-element elementor-element-77bbeb2 e-flex e-con-boxed e-con e-parent\" data-id=\"77bbeb2\" data-element_type=\"container\" data-e-type=\"container\">\n\t\t\t\t\t<div class=\"e-con-inner\">\n\t\t\t\t<div class=\"elementor-element elementor-element-86eb9ac elementor-widget elementor-widget-google_maps\" data-id=\"86eb9ac\" data-element_type=\"widget\" data-e-type=\"widget\" data-widget_type=\"google_maps.default\">\n\t\t\t\t<div class=\"elementor-widget-container\">\n\t\t\t\t\t\t\t<div class=\"elementor-custom-embed\">\n\t\t\t<iframe loading=\"lazy\"\n\t\t\t\t\tsrc=\"https:\/\/maps.google.com\/maps?q=NR%20DOCUSAFE%2C%204%20Z.I.%20Breedewues%20%20L-1259%20Senningerberg&#038;t=m&#038;z=14&#038;output=embed&#038;iwloc=near\"\n\t\t\t\t\ttitle=\"NR DOCUSAFE, 4 Z.I. Breedewues  L-1259 Senningerberg\"\n\t\t\t\t\taria-label=\"NR DOCUSAFE, 4 Z.I. Breedewues  L-1259 Senningerberg\"\n\t\t\t><\/iframe>\n\t\t<\/div>\n\t\t\t\t\t\t<\/div>\n\t\t\t\t<\/div>\n\t\t\t\t\t<\/div>\n\t\t\t\t<\/div>\n\t\t\t\t<\/div>\n\t\t","protected":false},"excerpt":{"rendered":"<p>Kontaktieren Sie uns Wenn Sie Fragen haben, einen Kostenvoranschlag w\u00fcnschen oder weitere Informationen ben\u00f6tigen, kontaktieren Sie uns bitte \u00fcber dieses Formular. Wir engagieren uns, Ihnen eine schnelle Antwort zu liefern, die auf Ihre spezifischen Bed\u00fcrfnisse zugeschnitten ist. Ihre Zufriedenheit ist unsere Priorit\u00e4t. nr docusafe S.\u00e0 r.l.4 Z.I. BreedewuesL-1259 Senningerberg E-mail:&nbsp;info@nrdocusafe.luTelefon: +352 26 71 81<\/p>\n","protected":false},"author":2,"featured_media":0,"parent":0,"menu_order":0,"comment_status":"closed","ping_status":"closed","template":"","meta":{"footnotes":""},"class_list":["post-1194","page","type-page","status-publish","hentry"],"yoast_head":"<!-- This site is optimized with the Yoast SEO plugin v27.2 - https:\/\/yoast.com\/product\/yoast-seo-wordpress\/ -->\n<title>Kontakt - nrdocusafe<\/title>\n<meta name=\"description\" content=\"Wir engagieren uns, Ihnen eine schnelle Antwort zu liefern, die auf Ihre spezifischen Bed\u00fcrfnisse zugeschnitten ist. Ihre Zufriedenheit ist unsere Priorit\u00e4t.\" \/>\n<meta name=\"robots\" content=\"index, follow, max-snippet:-1, max-image-preview:large, max-video-preview:-1\" \/>\n<link rel=\"canonical\" href=\"https:\/\/nrdocusafe.lu\/de\/kontakt\/\" \/>\n<meta property=\"og:locale\" content=\"de_DE\" \/>\n<meta property=\"og:type\" content=\"article\" \/>\n<meta property=\"og:title\" content=\"Kontakt - nrdocusafe\" \/>\n<meta property=\"og:description\" content=\"Wir engagieren uns, Ihnen eine schnelle Antwort zu liefern, die auf Ihre spezifischen Bed\u00fcrfnisse zugeschnitten ist. Ihre Zufriedenheit ist unsere Priorit\u00e4t.\" \/>\n<meta property=\"og:url\" content=\"https:\/\/nrdocusafe.lu\/de\/kontakt\/\" \/>\n<meta property=\"og:site_name\" content=\"nrdocusafe\" \/>\n<meta property=\"article:modified_time\" content=\"2025-08-19T12:16:25+00:00\" \/>\n<meta name=\"twitter:card\" content=\"summary_large_image\" \/>\n<script type=\"application\/ld+json\" class=\"yoast-schema-graph\">{\"@context\":\"https:\/\/schema.org\",\"@graph\":[{\"@type\":\"WebPage\",\"@id\":\"https:\/\/nrdocusafe.lu\/de\/kontakt\/\",\"url\":\"https:\/\/nrdocusafe.lu\/de\/kontakt\/\",\"name\":\"Kontakt - nrdocusafe\",\"isPartOf\":{\"@id\":\"https:\/\/nrdocusafe.lu\/de\/#website\"},\"datePublished\":\"2023-12-11T13:34:03+00:00\",\"dateModified\":\"2025-08-19T12:16:25+00:00\",\"description\":\"Wir engagieren uns, Ihnen eine schnelle Antwort zu liefern, die auf Ihre spezifischen Bed\u00fcrfnisse zugeschnitten ist. Ihre Zufriedenheit ist unsere Priorit\u00e4t.\",\"breadcrumb\":{\"@id\":\"https:\/\/nrdocusafe.lu\/de\/kontakt\/#breadcrumb\"},\"inLanguage\":\"de\",\"potentialAction\":[{\"@type\":\"ReadAction\",\"target\":[\"https:\/\/nrdocusafe.lu\/de\/kontakt\/\"]}]},{\"@type\":\"BreadcrumbList\",\"@id\":\"https:\/\/nrdocusafe.lu\/de\/kontakt\/#breadcrumb\",\"itemListElement\":[{\"@type\":\"ListItem\",\"position\":1,\"name\":\"Home\",\"item\":\"https:\/\/nrdocusafe.lu\/de\/startseite\/\"},{\"@type\":\"ListItem\",\"position\":2,\"name\":\"Kontakt\"}]},{\"@type\":\"WebSite\",\"@id\":\"https:\/\/nrdocusafe.lu\/de\/#website\",\"url\":\"https:\/\/nrdocusafe.lu\/de\/\",\"name\":\"nr docusafe\",\"description\":\"When highest care becomes standard\",\"publisher\":{\"@id\":\"https:\/\/nrdocusafe.lu\/de\/#organization\"},\"potentialAction\":[{\"@type\":\"SearchAction\",\"target\":{\"@type\":\"EntryPoint\",\"urlTemplate\":\"https:\/\/nrdocusafe.lu\/de\/?s={search_term_string}\"},\"query-input\":{\"@type\":\"PropertyValueSpecification\",\"valueRequired\":true,\"valueName\":\"search_term_string\"}}],\"inLanguage\":\"de\"},{\"@type\":\"Organization\",\"@id\":\"https:\/\/nrdocusafe.lu\/de\/#organization\",\"name\":\"nr docusafe\",\"url\":\"https:\/\/nrdocusafe.lu\/de\/\",\"logo\":{\"@type\":\"ImageObject\",\"inLanguage\":\"de\",\"@id\":\"https:\/\/nrdocusafe.lu\/de\/#\/schema\/logo\/image\/\",\"url\":\"https:\/\/nrdocusafe.lu\/wp-content\/uploads\/2023\/09\/NrDocusafe.png\",\"contentUrl\":\"https:\/\/nrdocusafe.lu\/wp-content\/uploads\/2023\/09\/NrDocusafe.png\",\"width\":209,\"height\":104,\"caption\":\"nr docusafe\"},\"image\":{\"@id\":\"https:\/\/nrdocusafe.lu\/de\/#\/schema\/logo\/image\/\"},\"sameAs\":[\"https:\/\/www.linkedin.com\/company\/nr-docusafe\/\",\"https:\/\/www.instagram.com\/nrdocusafe?igsh=M2puNW13NWFyZjJu\"]}]}<\/script>\n<!-- \/ Yoast SEO plugin. -->","yoast_head_json":{"title":"Kontakt - nrdocusafe","description":"Wir engagieren uns, Ihnen eine schnelle Antwort zu liefern, die auf Ihre spezifischen Bed\u00fcrfnisse zugeschnitten ist. Ihre Zufriedenheit ist unsere Priorit\u00e4t.","robots":{"index":"index","follow":"follow","max-snippet":"max-snippet:-1","max-image-preview":"max-image-preview:large","max-video-preview":"max-video-preview:-1"},"canonical":"https:\/\/nrdocusafe.lu\/de\/kontakt\/","og_locale":"de_DE","og_type":"article","og_title":"Kontakt - nrdocusafe","og_description":"Wir engagieren uns, Ihnen eine schnelle Antwort zu liefern, die auf Ihre spezifischen Bed\u00fcrfnisse zugeschnitten ist. Ihre Zufriedenheit ist unsere Priorit\u00e4t.","og_url":"https:\/\/nrdocusafe.lu\/de\/kontakt\/","og_site_name":"nrdocusafe","article_modified_time":"2025-08-19T12:16:25+00:00","twitter_card":"summary_large_image","schema":{"@context":"https:\/\/schema.org","@graph":[{"@type":"WebPage","@id":"https:\/\/nrdocusafe.lu\/de\/kontakt\/","url":"https:\/\/nrdocusafe.lu\/de\/kontakt\/","name":"Kontakt - nrdocusafe","isPartOf":{"@id":"https:\/\/nrdocusafe.lu\/de\/#website"},"datePublished":"2023-12-11T13:34:03+00:00","dateModified":"2025-08-19T12:16:25+00:00","description":"Wir engagieren uns, Ihnen eine schnelle Antwort zu liefern, die auf Ihre spezifischen Bed\u00fcrfnisse zugeschnitten ist. Ihre Zufriedenheit ist unsere Priorit\u00e4t.","breadcrumb":{"@id":"https:\/\/nrdocusafe.lu\/de\/kontakt\/#breadcrumb"},"inLanguage":"de","potentialAction":[{"@type":"ReadAction","target":["https:\/\/nrdocusafe.lu\/de\/kontakt\/"]}]},{"@type":"BreadcrumbList","@id":"https:\/\/nrdocusafe.lu\/de\/kontakt\/#breadcrumb","itemListElement":[{"@type":"ListItem","position":1,"name":"Home","item":"https:\/\/nrdocusafe.lu\/de\/startseite\/"},{"@type":"ListItem","position":2,"name":"Kontakt"}]},{"@type":"WebSite","@id":"https:\/\/nrdocusafe.lu\/de\/#website","url":"https:\/\/nrdocusafe.lu\/de\/","name":"nr docusafe","description":"When highest care becomes standard","publisher":{"@id":"https:\/\/nrdocusafe.lu\/de\/#organization"},"potentialAction":[{"@type":"SearchAction","target":{"@type":"EntryPoint","urlTemplate":"https:\/\/nrdocusafe.lu\/de\/?s={search_term_string}"},"query-input":{"@type":"PropertyValueSpecification","valueRequired":true,"valueName":"search_term_string"}}],"inLanguage":"de"},{"@type":"Organization","@id":"https:\/\/nrdocusafe.lu\/de\/#organization","name":"nr docusafe","url":"https:\/\/nrdocusafe.lu\/de\/","logo":{"@type":"ImageObject","inLanguage":"de","@id":"https:\/\/nrdocusafe.lu\/de\/#\/schema\/logo\/image\/","url":"https:\/\/nrdocusafe.lu\/wp-content\/uploads\/2023\/09\/NrDocusafe.png","contentUrl":"https:\/\/nrdocusafe.lu\/wp-content\/uploads\/2023\/09\/NrDocusafe.png","width":209,"height":104,"caption":"nr docusafe"},"image":{"@id":"https:\/\/nrdocusafe.lu\/de\/#\/schema\/logo\/image\/"},"sameAs":["https:\/\/www.linkedin.com\/company\/nr-docusafe\/","https:\/\/www.instagram.com\/nrdocusafe?igsh=M2puNW13NWFyZjJu"]}]}},"_links":{"self":[{"href":"https:\/\/nrdocusafe.lu\/de\/wp-json\/wp\/v2\/pages\/1194","targetHints":{"allow":["GET"]}}],"collection":[{"href":"https:\/\/nrdocusafe.lu\/de\/wp-json\/wp\/v2\/pages"}],"about":[{"href":"https:\/\/nrdocusafe.lu\/de\/wp-json\/wp\/v2\/types\/page"}],"author":[{"embeddable":true,"href":"https:\/\/nrdocusafe.lu\/de\/wp-json\/wp\/v2\/users\/2"}],"replies":[{"embeddable":true,"href":"https:\/\/nrdocusafe.lu\/de\/wp-json\/wp\/v2\/comments?post=1194"}],"version-history":[{"count":8,"href":"https:\/\/nrdocusafe.lu\/de\/wp-json\/wp\/v2\/pages\/1194\/revisions"}],"predecessor-version":[{"id":1721,"href":"https:\/\/nrdocusafe.lu\/de\/wp-json\/wp\/v2\/pages\/1194\/revisions\/1721"}],"wp:attachment":[{"href":"https:\/\/nrdocusafe.lu\/de\/wp-json\/wp\/v2\/media?parent=1194"}],"curies":[{"name":"wp","href":"https:\/\/api.w.org\/{rel}","templated":true}]}}