{"id":1202,"date":"2023-12-13T15:38:27","date_gmt":"2023-12-13T14:38:27","guid":{"rendered":"https:\/\/nrdocusafe.lu\/archivierung\/"},"modified":"2024-03-14T10:38:41","modified_gmt":"2024-03-14T09:38:41","slug":"archivierung","status":"publish","type":"page","link":"https:\/\/nrdocusafe.lu\/de\/archivierung\/","title":{"rendered":"Archivierung"},"content":{"rendered":"\t\t<div data-elementor-type=\"wp-page\" data-elementor-id=\"1202\" class=\"elementor elementor-1202 elementor-721\" data-elementor-post-type=\"page\">\n\t\t\t\t<div class=\"elementor-element elementor-element-eece28b e-flex e-con-boxed e-con e-parent\" data-id=\"eece28b\" data-element_type=\"container\" data-e-type=\"container\" data-settings=\"{&quot;background_background&quot;:&quot;classic&quot;}\">\n\t\t\t\t\t<div class=\"e-con-inner\">\n\t\t<div class=\"elementor-element elementor-element-64611122 e-con-full e-flex e-con e-child\" data-id=\"64611122\" data-element_type=\"container\" data-e-type=\"container\">\n\t\t\t\t<div class=\"elementor-element elementor-element-5b9fdb1f elementor-widget elementor-widget-heading\" data-id=\"5b9fdb1f\" data-element_type=\"widget\" data-e-type=\"widget\" data-widget_type=\"heading.default\">\n\t\t\t\t<div class=\"elementor-widget-container\">\n\t\t\t\t\t<h1 class=\"elementor-heading-title elementor-size-default\">Ihr Partner f\u00fcr Archivierung in Luxemburg<\/h1>\t\t\t\t<\/div>\n\t\t\t\t<\/div>\n\t\t\t\t<div class=\"elementor-element elementor-element-7f225a11 elementor-widget elementor-widget-text-editor\" data-id=\"7f225a11\" data-element_type=\"widget\" data-e-type=\"widget\" data-widget_type=\"text-editor.default\">\n\t\t\t\t<div class=\"elementor-widget-container\">\n\t\t\t\t\t\t\t\t\t<p>Wir sind auf neue Archivierungsmethoden spezialisiert und bieten eine umfassende Verwaltung Ihrer Datentr\u00e4ger. Unsere umfangreiche Strategie umfasst die Lagerung, Nachverfolgung und Kennzeichnung.<\/p>\n\t\t\t\t\t\t\t\t<\/div>\n\t\t\t\t<\/div>\n\t\t\t\t<\/div>\n\t\t<div class=\"elementor-element elementor-element-293c4dbe e-con-full e-flex e-con e-child\" data-id=\"293c4dbe\" data-element_type=\"container\" data-e-type=\"container\">\n\t\t\t\t<div class=\"elementor-element elementor-element-47a4c632 elementor-widget elementor-widget-image\" data-id=\"47a4c632\" data-element_type=\"widget\" data-e-type=\"widget\" data-widget_type=\"image.default\">\n\t\t\t\t<div class=\"elementor-widget-container\">\n\t\t\t\t\t\t\t\t\t\t\t\t\t\t\t<img fetchpriority=\"high\" decoding=\"async\" width=\"720\" height=\"480\" src=\"https:\/\/nrdocusafe.lu\/wp-content\/uploads\/2023\/12\/Archivage.webp\" class=\"attachment-large size-large wp-image-1133\" alt=\"\" srcset=\"https:\/\/nrdocusafe.lu\/wp-content\/uploads\/2023\/12\/Archivage.webp 720w, https:\/\/nrdocusafe.lu\/wp-content\/uploads\/2023\/12\/Archivage-300x200.webp 300w\" sizes=\"(max-width: 720px) 100vw, 720px\" \/>\t\t\t\t\t\t\t\t\t\t\t\t\t\t\t<\/div>\n\t\t\t\t<\/div>\n\t\t\t\t<\/div>\n\t\t\t\t\t<\/div>\n\t\t\t\t<\/div>\n\t\t<div class=\"elementor-element elementor-element-553c9fae e-flex e-con-boxed e-con e-parent\" data-id=\"553c9fae\" data-element_type=\"container\" data-e-type=\"container\">\n\t\t\t\t\t<div class=\"e-con-inner\">\n\t\t<div class=\"elementor-element elementor-element-44b5a52c e-con-full e-flex e-con e-child\" data-id=\"44b5a52c\" data-element_type=\"container\" data-e-type=\"container\">\n\t\t\t\t<div class=\"elementor-element elementor-element-86ab069 elementor-widget elementor-widget-image\" data-id=\"86ab069\" data-element_type=\"widget\" data-e-type=\"widget\" data-widget_type=\"image.default\">\n\t\t\t\t<div class=\"elementor-widget-container\">\n\t\t\t\t\t\t\t\t\t\t\t\t\t\t\t<img decoding=\"async\" width=\"800\" height=\"492\" src=\"https:\/\/nrdocusafe.lu\/wp-content\/uploads\/2024\/01\/Archivage_palette.webp\" class=\"attachment-large size-large wp-image-1155\" alt=\"\" srcset=\"https:\/\/nrdocusafe.lu\/wp-content\/uploads\/2024\/01\/Archivage_palette.webp 996w, https:\/\/nrdocusafe.lu\/wp-content\/uploads\/2024\/01\/Archivage_palette-300x184.webp 300w, https:\/\/nrdocusafe.lu\/wp-content\/uploads\/2024\/01\/Archivage_palette-768x472.webp 768w\" sizes=\"(max-width: 800px) 100vw, 800px\" \/>\t\t\t\t\t\t\t\t\t\t\t\t\t\t\t<\/div>\n\t\t\t\t<\/div>\n\t\t\t\t<\/div>\n\t\t<div class=\"elementor-element elementor-element-5628999f e-flex e-con-boxed e-con e-child\" data-id=\"5628999f\" data-element_type=\"container\" data-e-type=\"container\">\n\t\t\t\t\t<div class=\"e-con-inner\">\n\t\t\t\t<div class=\"elementor-element elementor-element-1ab64586 elementor-widget elementor-widget-heading\" data-id=\"1ab64586\" data-element_type=\"widget\" data-e-type=\"widget\" data-widget_type=\"heading.default\">\n\t\t\t\t<div class=\"elementor-widget-container\">\n\t\t\t\t\t<h2 class=\"elementor-heading-title elementor-size-default\"> Effizienz und Schnelligkeit<\/h2>\t\t\t\t<\/div>\n\t\t\t\t<\/div>\n\t\t\t\t<div class=\"elementor-element elementor-element-1b306b36 elementor-widget elementor-widget-text-editor\" data-id=\"1b306b36\" data-element_type=\"widget\" data-e-type=\"widget\" data-widget_type=\"text-editor.default\">\n\t\t\t\t<div class=\"elementor-widget-container\">\n\t\t\t\t\t\t\t\t\t<p>Mithilfe der Barcode-Identifikation lokalisieren wir Ihr Archiv umgehend, sodass Sie in k\u00fcrzester Zeit auf Ihre Informationen zugreifen k\u00f6nnen. <\/p>\n\t\t\t\t\t\t\t\t<\/div>\n\t\t\t\t<\/div>\n\t\t\t\t\t<\/div>\n\t\t\t\t<\/div>\n\t\t\t\t\t<\/div>\n\t\t\t\t<\/div>\n\t\t<div class=\"elementor-element elementor-element-2a81f1a e-flex e-con-boxed e-con e-parent\" data-id=\"2a81f1a\" data-element_type=\"container\" data-e-type=\"container\" data-settings=\"{&quot;background_background&quot;:&quot;classic&quot;}\">\n\t\t\t\t\t<div class=\"e-con-inner\">\n\t\t<div class=\"elementor-element elementor-element-25d0b9c e-con-full e-flex e-con e-child\" data-id=\"25d0b9c\" data-element_type=\"container\" data-e-type=\"container\">\n\t\t\t\t<div class=\"elementor-element elementor-element-5980c4a elementor-widget__width-initial elementor-widget elementor-widget-heading\" data-id=\"5980c4a\" data-element_type=\"widget\" data-e-type=\"widget\" data-widget_type=\"heading.default\">\n\t\t\t\t<div class=\"elementor-widget-container\">\n\t\t\t\t\t<h2 class=\"elementor-heading-title elementor-size-default\">Angepasste Lieferdienste<\/h2>\t\t\t\t<\/div>\n\t\t\t\t<\/div>\n\t\t\t\t<div class=\"elementor-element elementor-element-c8d96b6 elementor-widget elementor-widget-text-editor\" data-id=\"c8d96b6\" data-element_type=\"widget\" data-e-type=\"widget\" data-widget_type=\"text-editor.default\">\n\t\t\t\t<div class=\"elementor-widget-container\">\n\t\t\t\t\t\t\t\t\t<p>Wir verstehen, wie dringend Ihre Bed\u00fcrfnisse sind. Deshalb bieten wir angepasste Liefer- und Abholoptionen an, die von 24 Stunden bis zu einem Express-Service in weniger als zwei Stunden reichen.<\/p>\n\t\t\t\t\t\t\t\t<\/div>\n\t\t\t\t<\/div>\n\t\t\t\t<\/div>\n\t\t<div class=\"elementor-element elementor-element-6d86bff e-con-full e-flex e-con e-child\" data-id=\"6d86bff\" data-element_type=\"container\" data-e-type=\"container\">\n\t\t\t\t<div class=\"elementor-element elementor-element-8547a84 elementor-widget elementor-widget-image\" data-id=\"8547a84\" data-element_type=\"widget\" data-e-type=\"widget\" data-widget_type=\"image.default\">\n\t\t\t\t<div class=\"elementor-widget-container\">\n\t\t\t\t\t\t\t\t\t\t\t\t\t\t\t<img decoding=\"async\" width=\"800\" height=\"534\" src=\"https:\/\/nrdocusafe.lu\/wp-content\/uploads\/2024\/01\/camionette.webp\" class=\"attachment-large size-large wp-image-1157\" alt=\"\" srcset=\"https:\/\/nrdocusafe.lu\/wp-content\/uploads\/2024\/01\/camionette.webp 850w, https:\/\/nrdocusafe.lu\/wp-content\/uploads\/2024\/01\/camionette-300x200.webp 300w, https:\/\/nrdocusafe.lu\/wp-content\/uploads\/2024\/01\/camionette-768x512.webp 768w\" sizes=\"(max-width: 800px) 100vw, 800px\" \/>\t\t\t\t\t\t\t\t\t\t\t\t\t\t\t<\/div>\n\t\t\t\t<\/div>\n\t\t\t\t<\/div>\n\t\t\t\t\t<\/div>\n\t\t\t\t<\/div>\n\t\t<div class=\"elementor-element elementor-element-d1d40b5 e-flex e-con-boxed e-con e-parent\" data-id=\"d1d40b5\" data-element_type=\"container\" data-e-type=\"container\" data-settings=\"{&quot;background_background&quot;:&quot;classic&quot;}\">\n\t\t\t\t\t<div class=\"e-con-inner\">\n\t\t<div class=\"elementor-element elementor-element-f89d1b7 e-con-full e-flex e-con e-child\" data-id=\"f89d1b7\" data-element_type=\"container\" data-e-type=\"container\">\n\t\t\t\t<div class=\"elementor-element elementor-element-f478c3b elementor-widget elementor-widget-image\" data-id=\"f478c3b\" data-element_type=\"widget\" data-e-type=\"widget\" data-widget_type=\"image.default\">\n\t\t\t\t<div class=\"elementor-widget-container\">\n\t\t\t\t\t\t\t\t\t\t\t\t\t\t\t<img loading=\"lazy\" decoding=\"async\" width=\"612\" height=\"493\" src=\"https:\/\/nrdocusafe.lu\/wp-content\/uploads\/2024\/01\/plaette.webp\" class=\"attachment-large size-large wp-image-1159\" alt=\"\" srcset=\"https:\/\/nrdocusafe.lu\/wp-content\/uploads\/2024\/01\/plaette.webp 612w, https:\/\/nrdocusafe.lu\/wp-content\/uploads\/2024\/01\/plaette-300x242.webp 300w\" sizes=\"(max-width: 612px) 100vw, 612px\" \/>\t\t\t\t\t\t\t\t\t\t\t\t\t\t\t<\/div>\n\t\t\t\t<\/div>\n\t\t\t\t<\/div>\n\t\t<div class=\"elementor-element elementor-element-c9bfcd3 e-con-full e-flex e-con e-child\" data-id=\"c9bfcd3\" data-element_type=\"container\" data-e-type=\"container\">\n\t\t\t\t<div class=\"elementor-element elementor-element-9517ad1 elementor-widget__width-initial elementor-widget elementor-widget-heading\" data-id=\"9517ad1\" data-element_type=\"widget\" data-e-type=\"widget\" data-widget_type=\"heading.default\">\n\t\t\t\t<div class=\"elementor-widget-container\">\n\t\t\t\t\t<h2 class=\"elementor-heading-title elementor-size-default\">Ma\u00dfgeschneiderte Lagerungsl\u00f6sungen<\/h2>\t\t\t\t<\/div>\n\t\t\t\t<\/div>\n\t\t\t\t<div class=\"elementor-element elementor-element-d307911 elementor-widget elementor-widget-text-editor\" data-id=\"d307911\" data-element_type=\"widget\" data-e-type=\"widget\" data-widget_type=\"text-editor.default\">\n\t\t\t\t<div class=\"elementor-widget-container\">\n\t\t\t\t\t\t\t\t\t<p>Wir bieten Ihnen eine Vielzahl von Lagerungsarten, von Palettenplatz bis hin zu ganzen Regalen, die auf Ihre speziellen Bed\u00fcrfnisse zugeschnitten sind. Unsere modularen Archivierungszellen erm\u00f6glichen eine optimale Raumnutzung und garantieren so maximale Effizienz.<\/p>\n\t\t\t\t\t\t\t\t<\/div>\n\t\t\t\t<\/div>\n\t\t\t\t<\/div>\n\t\t\t\t\t<\/div>\n\t\t\t\t<\/div>\n\t\t<div class=\"elementor-element elementor-element-e4f7223 e-flex e-con-boxed e-con e-parent\" data-id=\"e4f7223\" data-element_type=\"container\" data-e-type=\"container\" data-settings=\"{&quot;background_background&quot;:&quot;classic&quot;}\">\n\t\t\t\t\t<div class=\"e-con-inner\">\n\t\t<div class=\"elementor-element elementor-element-3a97b03 e-con-full e-flex e-con e-child\" data-id=\"3a97b03\" data-element_type=\"container\" data-e-type=\"container\">\n\t\t\t\t<div class=\"elementor-element elementor-element-dc66300 elementor-widget__width-initial elementor-widget elementor-widget-heading\" data-id=\"dc66300\" data-element_type=\"widget\" data-e-type=\"widget\" data-widget_type=\"heading.default\">\n\t\t\t\t<div class=\"elementor-widget-container\">\n\t\t\t\t\t<h2 class=\"elementor-heading-title elementor-size-default\">Individuelle Verpackungen<\/h2>\t\t\t\t<\/div>\n\t\t\t\t<\/div>\n\t\t\t\t<div class=\"elementor-element elementor-element-31f22ba elementor-widget__width-initial elementor-widget elementor-widget-text-editor\" data-id=\"31f22ba\" data-element_type=\"widget\" data-e-type=\"widget\" data-widget_type=\"text-editor.default\">\n\t\t\t\t<div class=\"elementor-widget-container\">\n\t\t\t\t\t\t\t\t\t<p>Individuell gestaltete Verpackungen um die Sicherheit und Unversehrtheit Ihrer Dokumente zu gew\u00e4hrleisten, bieten wir auf Ihre Bed\u00fcrfnisse zugeschnittene Kartons an, die eine optimale Lagerung garantieren.<\/p>\n\t\t\t\t\t\t\t\t<\/div>\n\t\t\t\t<\/div>\n\t\t\t\t<\/div>\n\t\t<div class=\"elementor-element elementor-element-9a3826e e-con-full e-flex e-con e-child\" data-id=\"9a3826e\" data-element_type=\"container\" data-e-type=\"container\">\n\t\t\t\t<div class=\"elementor-element elementor-element-7547efb elementor-widget elementor-widget-image\" data-id=\"7547efb\" data-element_type=\"widget\" data-e-type=\"widget\" data-widget_type=\"image.default\">\n\t\t\t\t<div class=\"elementor-widget-container\">\n\t\t\t\t\t\t\t\t\t\t\t\t\t\t\t<img loading=\"lazy\" decoding=\"async\" width=\"416\" height=\"480\" src=\"https:\/\/nrdocusafe.lu\/wp-content\/uploads\/2024\/02\/emballage_archives_02.webp\" class=\"attachment-full size-full wp-image-1374\" alt=\"\" srcset=\"https:\/\/nrdocusafe.lu\/wp-content\/uploads\/2024\/02\/emballage_archives_02.webp 416w, https:\/\/nrdocusafe.lu\/wp-content\/uploads\/2024\/02\/emballage_archives_02-260x300.webp 260w\" sizes=\"(max-width: 416px) 100vw, 416px\" \/>\t\t\t\t\t\t\t\t\t\t\t\t\t\t\t<\/div>\n\t\t\t\t<\/div>\n\t\t\t\t<\/div>\n\t\t\t\t\t<\/div>\n\t\t\t\t<\/div>\n\t\t<div class=\"elementor-element elementor-element-28f655b e-flex e-con-boxed e-con e-parent\" data-id=\"28f655b\" data-element_type=\"container\" data-e-type=\"container\" data-settings=\"{&quot;background_background&quot;:&quot;classic&quot;}\">\n\t\t\t\t\t<div class=\"e-con-inner\">\n\t\t<div class=\"elementor-element elementor-element-309dc18 e-con-full e-flex e-con e-child\" data-id=\"309dc18\" data-element_type=\"container\" data-e-type=\"container\">\n\t\t\t\t<div class=\"elementor-element elementor-element-39a0204 elementor-widget elementor-widget-image\" data-id=\"39a0204\" data-element_type=\"widget\" data-e-type=\"widget\" data-widget_type=\"image.default\">\n\t\t\t\t<div class=\"elementor-widget-container\">\n\t\t\t\t\t\t\t\t\t\t\t\t\t\t\t<img loading=\"lazy\" decoding=\"async\" width=\"255\" height=\"108\" src=\"https:\/\/nrdocusafe.lu\/wp-content\/uploads\/2023\/09\/psf-support.jpg\" class=\"attachment-medium_large size-medium_large wp-image-1059\" alt=\"\" \/>\t\t\t\t\t\t\t\t\t\t\t\t\t\t\t<\/div>\n\t\t\t\t<\/div>\n\t\t\t\t<\/div>\n\t\t<div class=\"elementor-element elementor-element-5c5c3ca e-con-full e-flex e-con e-child\" data-id=\"5c5c3ca\" data-element_type=\"container\" data-e-type=\"container\">\n\t\t\t\t<div class=\"elementor-element elementor-element-7cfb883 elementor-widget__width-initial elementor-widget elementor-widget-heading\" data-id=\"7cfb883\" data-element_type=\"widget\" data-e-type=\"widget\" data-widget_type=\"heading.default\">\n\t\t\t\t<div class=\"elementor-widget-container\">\n\t\t\t\t\t<h2 class=\"elementor-heading-title elementor-size-default\">Sicherheit und Compliance<\/h2>\t\t\t\t<\/div>\n\t\t\t\t<\/div>\n\t\t\t\t<div class=\"elementor-element elementor-element-ab175f1 elementor-widget elementor-widget-text-editor\" data-id=\"ab175f1\" data-element_type=\"widget\" data-e-type=\"widget\" data-widget_type=\"text-editor.default\">\n\t\t\t\t<div class=\"elementor-widget-container\">\n\t\t\t\t\t\t\t\t\t<p>Unser Archivierungssystem erm\u00f6glicht die Einrichtung verschiedener Lagerr\u00e4ume, darunter gemeinsame, individuelle oder spezifische Bereiche, mit Optionen wie <b>Video\u00fcberwachung<\/b> und <b>Zellenzugangskontrolle<\/b>. Als Inhaber der <a href=\"https:\/\/www.cssf.lu\/fr\/conditions-legales-et-procedure-agrement-psf-specialises\/\" target=\"_blank\" rel=\"noopener\"><b>PSF-Zulassung<\/b><\/a> seit Mai 2006 erf\u00fcllen wir <b>gewissenhaft<\/b> die <b>Durchf\u00fchrungsrichtlinien<\/b> der CSSF.<\/p>\n\t\t\t\t\t\t\t\t<\/div>\n\t\t\t\t<\/div>\n\t\t\t\t<\/div>\n\t\t\t\t\t<\/div>\n\t\t\t\t<\/div>\n\t\t<div class=\"elementor-element elementor-element-1370807e e-flex e-con-boxed e-con e-parent\" data-id=\"1370807e\" data-element_type=\"container\" data-e-type=\"container\">\n\t\t\t\t\t<div class=\"e-con-inner\">\n\t\t\t\t<div class=\"elementor-element elementor-element-1c7dfb71 elementor-widget elementor-widget-heading\" data-id=\"1c7dfb71\" data-element_type=\"widget\" data-e-type=\"widget\" data-widget_type=\"heading.default\">\n\t\t\t\t<div class=\"elementor-widget-container\">\n\t\t\t\t\t<h3 class=\"elementor-heading-title elementor-size-default\">Erfahren Sie, wie wir Ihre Archivverwaltung umgestalten k\u00f6nnen.<\/h3>\t\t\t\t<\/div>\n\t\t\t\t<\/div>\n\t\t\t\t<div class=\"elementor-element elementor-element-32e4ce05 elementor-align-center elementor-mobile-align-center elementor-widget elementor-widget-button\" data-id=\"32e4ce05\" data-element_type=\"widget\" data-e-type=\"widget\" data-widget_type=\"button.default\">\n\t\t\t\t<div class=\"elementor-widget-container\">\n\t\t\t\t\t\t\t\t\t<div class=\"elementor-button-wrapper\">\n\t\t\t\t\t<a class=\"elementor-button elementor-button-link elementor-size-sm\" href=\"#\">\n\t\t\t\t\t\t<span class=\"elementor-button-content-wrapper\">\n\t\t\t\t\t\t\t\t\t<span class=\"elementor-button-text\">Kontaktieren Sie uns<\/span>\n\t\t\t\t\t<\/span>\n\t\t\t\t\t<\/a>\n\t\t\t\t<\/div>\n\t\t\t\t\t\t\t\t<\/div>\n\t\t\t\t<\/div>\n\t\t\t\t\t<\/div>\n\t\t\t\t<\/div>\n\t\t<div class=\"elementor-element elementor-element-3ccc0d3 e-flex e-con-boxed e-con e-parent\" data-id=\"3ccc0d3\" data-element_type=\"container\" data-e-type=\"container\">\n\t\t\t\t\t<div class=\"e-con-inner\">\n\t\t\t\t<div class=\"elementor-element elementor-element-26641e5 elementor-widget elementor-widget-spacer\" data-id=\"26641e5\" data-element_type=\"widget\" data-e-type=\"widget\" data-widget_type=\"spacer.default\">\n\t\t\t\t<div class=\"elementor-widget-container\">\n\t\t\t\t\t\t\t<div class=\"elementor-spacer\">\n\t\t\t<div class=\"elementor-spacer-inner\"><\/div>\n\t\t<\/div>\n\t\t\t\t\t\t<\/div>\n\t\t\t\t<\/div>\n\t\t\t\t\t<\/div>\n\t\t\t\t<\/div>\n\t\t\t\t<\/div>\n\t\t","protected":false},"excerpt":{"rendered":"<p>Ihr Partner f\u00fcr Archivierung in Luxemburg Wir sind auf neue Archivierungsmethoden spezialisiert und bieten eine umfassende Verwaltung Ihrer Datentr\u00e4ger. Unsere umfangreiche Strategie umfasst die Lagerung, Nachverfolgung und Kennzeichnung. Effizienz und Schnelligkeit Mithilfe der Barcode-Identifikation lokalisieren wir Ihr Archiv umgehend, sodass Sie in k\u00fcrzester Zeit auf Ihre Informationen zugreifen k\u00f6nnen. Angepasste Lieferdienste Wir verstehen, wie dringend [&hellip;]<\/p>\n","protected":false},"author":2,"featured_media":0,"parent":0,"menu_order":0,"comment_status":"closed","ping_status":"closed","template":"","meta":{"footnotes":""},"class_list":["post-1202","page","type-page","status-publish","hentry"],"yoast_head":"<!-- This site is optimized with the Yoast SEO plugin v27.2 - https:\/\/yoast.com\/product\/yoast-seo-wordpress\/ -->\n<title>Archivierung - nrdocusafe<\/title>\n<meta name=\"description\" content=\"Wir sind auf neue Methoden der Archivierung spezialisiert und bieten eine umfassende Verwaltung Ihrer Dokumententr\u00e4ger.\" \/>\n<meta name=\"robots\" content=\"index, follow, max-snippet:-1, max-image-preview:large, max-video-preview:-1\" \/>\n<link rel=\"canonical\" href=\"https:\/\/nrdocusafe.lu\/de\/archivierung\/\" \/>\n<meta property=\"og:locale\" content=\"de_DE\" \/>\n<meta property=\"og:type\" content=\"article\" \/>\n<meta property=\"og:title\" content=\"Archivierung - nrdocusafe\" \/>\n<meta property=\"og:description\" content=\"Wir sind auf neue Methoden der Archivierung spezialisiert und bieten eine umfassende Verwaltung Ihrer Dokumententr\u00e4ger.\" \/>\n<meta property=\"og:url\" content=\"https:\/\/nrdocusafe.lu\/de\/archivierung\/\" \/>\n<meta property=\"og:site_name\" content=\"nrdocusafe\" \/>\n<meta property=\"article:modified_time\" content=\"2024-03-14T09:38:41+00:00\" \/>\n<meta property=\"og:image\" content=\"https:\/\/nrdocusafe.lu\/wp-content\/uploads\/2023\/12\/Archivage.webp\" \/>\n<meta name=\"twitter:card\" content=\"summary_large_image\" \/>\n<meta name=\"twitter:label1\" content=\"Gesch\u00e4tzte Lesezeit\" \/>\n\t<meta name=\"twitter:data1\" content=\"1\u00a0Minute\" \/>\n<script type=\"application\/ld+json\" class=\"yoast-schema-graph\">{\"@context\":\"https:\/\/schema.org\",\"@graph\":[{\"@type\":\"WebPage\",\"@id\":\"https:\/\/nrdocusafe.lu\/de\/archivierung\/\",\"url\":\"https:\/\/nrdocusafe.lu\/de\/archivierung\/\",\"name\":\"Archivierung - nrdocusafe\",\"isPartOf\":{\"@id\":\"https:\/\/nrdocusafe.lu\/de\/#website\"},\"primaryImageOfPage\":{\"@id\":\"https:\/\/nrdocusafe.lu\/de\/archivierung\/#primaryimage\"},\"image\":{\"@id\":\"https:\/\/nrdocusafe.lu\/de\/archivierung\/#primaryimage\"},\"thumbnailUrl\":\"https:\/\/nrdocusafe.lu\/wp-content\/uploads\/2023\/12\/Archivage.webp\",\"datePublished\":\"2023-12-13T14:38:27+00:00\",\"dateModified\":\"2024-03-14T09:38:41+00:00\",\"description\":\"Wir sind auf neue Methoden der Archivierung spezialisiert und bieten eine umfassende Verwaltung Ihrer Dokumententr\u00e4ger.\",\"breadcrumb\":{\"@id\":\"https:\/\/nrdocusafe.lu\/de\/archivierung\/#breadcrumb\"},\"inLanguage\":\"de\",\"potentialAction\":[{\"@type\":\"ReadAction\",\"target\":[\"https:\/\/nrdocusafe.lu\/de\/archivierung\/\"]}]},{\"@type\":\"ImageObject\",\"inLanguage\":\"de\",\"@id\":\"https:\/\/nrdocusafe.lu\/de\/archivierung\/#primaryimage\",\"url\":\"https:\/\/nrdocusafe.lu\/wp-content\/uploads\/2023\/12\/Archivage.webp\",\"contentUrl\":\"https:\/\/nrdocusafe.lu\/wp-content\/uploads\/2023\/12\/Archivage.webp\"},{\"@type\":\"BreadcrumbList\",\"@id\":\"https:\/\/nrdocusafe.lu\/de\/archivierung\/#breadcrumb\",\"itemListElement\":[{\"@type\":\"ListItem\",\"position\":1,\"name\":\"Home\",\"item\":\"https:\/\/nrdocusafe.lu\/de\/startseite\/\"},{\"@type\":\"ListItem\",\"position\":2,\"name\":\"Archivierung\"}]},{\"@type\":\"WebSite\",\"@id\":\"https:\/\/nrdocusafe.lu\/de\/#website\",\"url\":\"https:\/\/nrdocusafe.lu\/de\/\",\"name\":\"nr docusafe\",\"description\":\"When highest care becomes standard\",\"publisher\":{\"@id\":\"https:\/\/nrdocusafe.lu\/de\/#organization\"},\"potentialAction\":[{\"@type\":\"SearchAction\",\"target\":{\"@type\":\"EntryPoint\",\"urlTemplate\":\"https:\/\/nrdocusafe.lu\/de\/?s={search_term_string}\"},\"query-input\":{\"@type\":\"PropertyValueSpecification\",\"valueRequired\":true,\"valueName\":\"search_term_string\"}}],\"inLanguage\":\"de\"},{\"@type\":\"Organization\",\"@id\":\"https:\/\/nrdocusafe.lu\/de\/#organization\",\"name\":\"nr docusafe\",\"url\":\"https:\/\/nrdocusafe.lu\/de\/\",\"logo\":{\"@type\":\"ImageObject\",\"inLanguage\":\"de\",\"@id\":\"https:\/\/nrdocusafe.lu\/de\/#\/schema\/logo\/image\/\",\"url\":\"https:\/\/nrdocusafe.lu\/wp-content\/uploads\/2023\/09\/NrDocusafe.png\",\"contentUrl\":\"https:\/\/nrdocusafe.lu\/wp-content\/uploads\/2023\/09\/NrDocusafe.png\",\"width\":209,\"height\":104,\"caption\":\"nr docusafe\"},\"image\":{\"@id\":\"https:\/\/nrdocusafe.lu\/de\/#\/schema\/logo\/image\/\"},\"sameAs\":[\"https:\/\/www.linkedin.com\/company\/nr-docusafe\/\",\"https:\/\/www.instagram.com\/nrdocusafe?igsh=M2puNW13NWFyZjJu\"]}]}<\/script>\n<!-- \/ Yoast SEO plugin. -->","yoast_head_json":{"title":"Archivierung - nrdocusafe","description":"Wir sind auf neue Methoden der Archivierung spezialisiert und bieten eine umfassende Verwaltung Ihrer Dokumententr\u00e4ger.","robots":{"index":"index","follow":"follow","max-snippet":"max-snippet:-1","max-image-preview":"max-image-preview:large","max-video-preview":"max-video-preview:-1"},"canonical":"https:\/\/nrdocusafe.lu\/de\/archivierung\/","og_locale":"de_DE","og_type":"article","og_title":"Archivierung - nrdocusafe","og_description":"Wir sind auf neue Methoden der Archivierung spezialisiert und bieten eine umfassende Verwaltung Ihrer Dokumententr\u00e4ger.","og_url":"https:\/\/nrdocusafe.lu\/de\/archivierung\/","og_site_name":"nrdocusafe","article_modified_time":"2024-03-14T09:38:41+00:00","og_image":[{"url":"https:\/\/nrdocusafe.lu\/wp-content\/uploads\/2023\/12\/Archivage.webp","type":"","width":"","height":""}],"twitter_card":"summary_large_image","twitter_misc":{"Gesch\u00e4tzte Lesezeit":"1\u00a0Minute"},"schema":{"@context":"https:\/\/schema.org","@graph":[{"@type":"WebPage","@id":"https:\/\/nrdocusafe.lu\/de\/archivierung\/","url":"https:\/\/nrdocusafe.lu\/de\/archivierung\/","name":"Archivierung - nrdocusafe","isPartOf":{"@id":"https:\/\/nrdocusafe.lu\/de\/#website"},"primaryImageOfPage":{"@id":"https:\/\/nrdocusafe.lu\/de\/archivierung\/#primaryimage"},"image":{"@id":"https:\/\/nrdocusafe.lu\/de\/archivierung\/#primaryimage"},"thumbnailUrl":"https:\/\/nrdocusafe.lu\/wp-content\/uploads\/2023\/12\/Archivage.webp","datePublished":"2023-12-13T14:38:27+00:00","dateModified":"2024-03-14T09:38:41+00:00","description":"Wir sind auf neue Methoden der Archivierung spezialisiert und bieten eine umfassende Verwaltung Ihrer Dokumententr\u00e4ger.","breadcrumb":{"@id":"https:\/\/nrdocusafe.lu\/de\/archivierung\/#breadcrumb"},"inLanguage":"de","potentialAction":[{"@type":"ReadAction","target":["https:\/\/nrdocusafe.lu\/de\/archivierung\/"]}]},{"@type":"ImageObject","inLanguage":"de","@id":"https:\/\/nrdocusafe.lu\/de\/archivierung\/#primaryimage","url":"https:\/\/nrdocusafe.lu\/wp-content\/uploads\/2023\/12\/Archivage.webp","contentUrl":"https:\/\/nrdocusafe.lu\/wp-content\/uploads\/2023\/12\/Archivage.webp"},{"@type":"BreadcrumbList","@id":"https:\/\/nrdocusafe.lu\/de\/archivierung\/#breadcrumb","itemListElement":[{"@type":"ListItem","position":1,"name":"Home","item":"https:\/\/nrdocusafe.lu\/de\/startseite\/"},{"@type":"ListItem","position":2,"name":"Archivierung"}]},{"@type":"WebSite","@id":"https:\/\/nrdocusafe.lu\/de\/#website","url":"https:\/\/nrdocusafe.lu\/de\/","name":"nr docusafe","description":"When highest care becomes standard","publisher":{"@id":"https:\/\/nrdocusafe.lu\/de\/#organization"},"potentialAction":[{"@type":"SearchAction","target":{"@type":"EntryPoint","urlTemplate":"https:\/\/nrdocusafe.lu\/de\/?s={search_term_string}"},"query-input":{"@type":"PropertyValueSpecification","valueRequired":true,"valueName":"search_term_string"}}],"inLanguage":"de"},{"@type":"Organization","@id":"https:\/\/nrdocusafe.lu\/de\/#organization","name":"nr docusafe","url":"https:\/\/nrdocusafe.lu\/de\/","logo":{"@type":"ImageObject","inLanguage":"de","@id":"https:\/\/nrdocusafe.lu\/de\/#\/schema\/logo\/image\/","url":"https:\/\/nrdocusafe.lu\/wp-content\/uploads\/2023\/09\/NrDocusafe.png","contentUrl":"https:\/\/nrdocusafe.lu\/wp-content\/uploads\/2023\/09\/NrDocusafe.png","width":209,"height":104,"caption":"nr docusafe"},"image":{"@id":"https:\/\/nrdocusafe.lu\/de\/#\/schema\/logo\/image\/"},"sameAs":["https:\/\/www.linkedin.com\/company\/nr-docusafe\/","https:\/\/www.instagram.com\/nrdocusafe?igsh=M2puNW13NWFyZjJu"]}]}},"_links":{"self":[{"href":"https:\/\/nrdocusafe.lu\/de\/wp-json\/wp\/v2\/pages\/1202","targetHints":{"allow":["GET"]}}],"collection":[{"href":"https:\/\/nrdocusafe.lu\/de\/wp-json\/wp\/v2\/pages"}],"about":[{"href":"https:\/\/nrdocusafe.lu\/de\/wp-json\/wp\/v2\/types\/page"}],"author":[{"embeddable":true,"href":"https:\/\/nrdocusafe.lu\/de\/wp-json\/wp\/v2\/users\/2"}],"replies":[{"embeddable":true,"href":"https:\/\/nrdocusafe.lu\/de\/wp-json\/wp\/v2\/comments?post=1202"}],"version-history":[{"count":2,"href":"https:\/\/nrdocusafe.lu\/de\/wp-json\/wp\/v2\/pages\/1202\/revisions"}],"predecessor-version":[{"id":1691,"href":"https:\/\/nrdocusafe.lu\/de\/wp-json\/wp\/v2\/pages\/1202\/revisions\/1691"}],"wp:attachment":[{"href":"https:\/\/nrdocusafe.lu\/de\/wp-json\/wp\/v2\/media?parent=1202"}],"curies":[{"name":"wp","href":"https:\/\/api.w.org\/{rel}","templated":true}]}}