{"id":1206,"date":"2023-12-11T13:39:04","date_gmt":"2023-12-11T12:39:04","guid":{"rendered":"https:\/\/nrdocusafe.lu\/abfallverwaltung-und-entsorgung\/"},"modified":"2024-03-15T10:52:03","modified_gmt":"2024-03-15T09:52:03","slug":"abfallverwaltung-und-entsorgung","status":"publish","type":"page","link":"https:\/\/nrdocusafe.lu\/de\/abfallverwaltung-und-entsorgung\/","title":{"rendered":"Abfallverwaltung und -entsorgung"},"content":{"rendered":"\t\t<div data-elementor-type=\"wp-page\" data-elementor-id=\"1206\" class=\"elementor elementor-1206 elementor-516\" data-elementor-post-type=\"page\">\n\t\t\t\t<div class=\"elementor-element elementor-element-eece28b e-flex e-con-boxed e-con e-parent\" data-id=\"eece28b\" data-element_type=\"container\" data-e-type=\"container\" data-settings=\"{&quot;background_background&quot;:&quot;classic&quot;}\">\n\t\t\t\t\t<div class=\"e-con-inner\">\n\t\t<div class=\"elementor-element elementor-element-64611122 e-con-full e-flex e-con e-child\" data-id=\"64611122\" data-element_type=\"container\" data-e-type=\"container\">\n\t\t\t\t<div class=\"elementor-element elementor-element-5b9fdb1f elementor-widget elementor-widget-heading\" data-id=\"5b9fdb1f\" data-element_type=\"widget\" data-e-type=\"widget\" data-widget_type=\"heading.default\">\n\t\t\t\t<div class=\"elementor-widget-container\">\n\t\t\t\t\t<h1 class=\"elementor-heading-title elementor-size-default\"> Verantwortungsvolle L\u00f6sungen f\u00fcr eine nachhaltige Zukunft<\/h1>\t\t\t\t<\/div>\n\t\t\t\t<\/div>\n\t\t\t\t<div class=\"elementor-element elementor-element-7f225a11 elementor-widget elementor-widget-text-editor\" data-id=\"7f225a11\" data-element_type=\"widget\" data-e-type=\"widget\" data-widget_type=\"text-editor.default\">\n\t\t\t\t<div class=\"elementor-widget-container\">\n\t\t\t\t\t\t\t\t\t<p>Wir bei nr docusafe wissen, wie wichtig ein effizientes und \u00f6kologisch verantwortliches Abfallmanagement ist. Unsere erweiterten Dienstleistungen im Bereich der Abfallsammlung und -entsorgung zielen darauf ab, die Behandlung Ihres Abfalls zu optimieren und gleichzeitig die Auswirkungen auf die Umwelt zu minimieren.<\/p>\n\t\t\t\t\t\t\t\t<\/div>\n\t\t\t\t<\/div>\n\t\t\t\t<\/div>\n\t\t<div class=\"elementor-element elementor-element-293c4dbe e-con-full e-flex e-con e-child\" data-id=\"293c4dbe\" data-element_type=\"container\" data-e-type=\"container\">\n\t\t\t\t<div class=\"elementor-element elementor-element-47a4c632 elementor-widget elementor-widget-image\" data-id=\"47a4c632\" data-element_type=\"widget\" data-e-type=\"widget\" data-widget_type=\"image.default\">\n\t\t\t\t<div class=\"elementor-widget-container\">\n\t\t\t\t\t\t\t\t\t\t\t\t\t\t\t<img fetchpriority=\"high\" decoding=\"async\" width=\"720\" height=\"570\" src=\"https:\/\/nrdocusafe.lu\/wp-content\/uploads\/2023\/12\/electronic_waste.webp\" class=\"attachment-large size-large wp-image-1121\" alt=\"\" srcset=\"https:\/\/nrdocusafe.lu\/wp-content\/uploads\/2023\/12\/electronic_waste.webp 720w, https:\/\/nrdocusafe.lu\/wp-content\/uploads\/2023\/12\/electronic_waste-300x238.webp 300w\" sizes=\"(max-width: 720px) 100vw, 720px\" \/>\t\t\t\t\t\t\t\t\t\t\t\t\t\t\t<\/div>\n\t\t\t\t<\/div>\n\t\t\t\t<\/div>\n\t\t\t\t\t<\/div>\n\t\t\t\t<\/div>\n\t\t<div class=\"elementor-element elementor-element-553c9fae e-flex e-con-boxed e-con e-parent\" data-id=\"553c9fae\" data-element_type=\"container\" data-e-type=\"container\">\n\t\t\t\t\t<div class=\"e-con-inner\">\n\t\t<div class=\"elementor-element elementor-element-44b5a52c e-con-full e-flex e-con e-child\" data-id=\"44b5a52c\" data-element_type=\"container\" data-e-type=\"container\">\n\t\t\t\t<div class=\"elementor-element elementor-element-86ab069 elementor-widget__width-initial elementor-widget elementor-widget-image\" data-id=\"86ab069\" data-element_type=\"widget\" data-e-type=\"widget\" data-widget_type=\"image.default\">\n\t\t\t\t<div class=\"elementor-widget-container\">\n\t\t\t\t\t\t\t\t\t\t\t\t\t\t\t<img decoding=\"async\" width=\"720\" height=\"403\" src=\"https:\/\/nrdocusafe.lu\/wp-content\/uploads\/2024\/01\/recycling.webp\" class=\"attachment-large size-large wp-image-1161\" alt=\"\" srcset=\"https:\/\/nrdocusafe.lu\/wp-content\/uploads\/2024\/01\/recycling.webp 720w, https:\/\/nrdocusafe.lu\/wp-content\/uploads\/2024\/01\/recycling-300x168.webp 300w\" sizes=\"(max-width: 720px) 100vw, 720px\" \/>\t\t\t\t\t\t\t\t\t\t\t\t\t\t\t<\/div>\n\t\t\t\t<\/div>\n\t\t\t\t<\/div>\n\t\t<div class=\"elementor-element elementor-element-5628999f e-con-full e-flex e-con e-child\" data-id=\"5628999f\" data-element_type=\"container\" data-e-type=\"container\">\n\t\t\t\t<div class=\"elementor-element elementor-element-1ab64586 elementor-widget elementor-widget-heading\" data-id=\"1ab64586\" data-element_type=\"widget\" data-e-type=\"widget\" data-widget_type=\"heading.default\">\n\t\t\t\t<div class=\"elementor-widget-container\">\n\t\t\t\t\t<h2 class=\"elementor-heading-title elementor-size-default\">Sammlung, Verwaltung und Entsorgung von Abf\u00e4llen <\/h2>\t\t\t\t<\/div>\n\t\t\t\t<\/div>\n\t\t\t\t<div class=\"elementor-element elementor-element-1b306b36 elementor-widget elementor-widget-text-editor\" data-id=\"1b306b36\" data-element_type=\"widget\" data-e-type=\"widget\" data-widget_type=\"text-editor.default\">\n\t\t\t\t<div class=\"elementor-widget-container\">\n\t\t\t\t\t\t\t\t\t<p>Wir bieten ma\u00dfgeschneiderte L\u00f6sungen f\u00fcr die Sammlung und Entsorgung verschiedener Abfallarten. Unsere Prozesse sind darauf ausgelegt, die R\u00fcckgewinnung, Sortierung und Wiederverwertung zu maximieren und so die Menge an Abfall, die zur Entsorgung bestimmt ist, zu reduzieren. Unsere spezialisierten Teams k\u00fcmmern sich um die Abholung des Abfalls direkt bei Ihnen vor Ort und sorgen f\u00fcr eine sichere Entsorgung, die den geltenden Umweltstandards entspricht.<\/p>\n\t\t\t\t\t\t\t\t<\/div>\n\t\t\t\t<\/div>\n\t\t\t\t<\/div>\n\t\t\t\t\t<\/div>\n\t\t\t\t<\/div>\n\t\t<div class=\"elementor-element elementor-element-92335d8 e-flex e-con-boxed e-con e-parent\" data-id=\"92335d8\" data-element_type=\"container\" data-e-type=\"container\" data-settings=\"{&quot;background_background&quot;:&quot;classic&quot;}\">\n\t\t\t\t\t<div class=\"e-con-inner\">\n\t\t<div class=\"elementor-element elementor-element-81964a4 e-con-full e-flex e-con e-child\" data-id=\"81964a4\" data-element_type=\"container\" data-e-type=\"container\">\n\t\t\t\t<div class=\"elementor-element elementor-element-398b485 elementor-widget elementor-widget-heading\" data-id=\"398b485\" data-element_type=\"widget\" data-e-type=\"widget\" data-widget_type=\"heading.default\">\n\t\t\t\t<div class=\"elementor-widget-container\">\n\t\t\t\t\t<h2 class=\"elementor-heading-title elementor-size-default\">Zertifizierung und Konformit\u00e4t <\/h2>\t\t\t\t<\/div>\n\t\t\t\t<\/div>\n\t\t\t\t<div class=\"elementor-element elementor-element-18ff2d4 elementor-widget elementor-widget-text-editor\" data-id=\"18ff2d4\" data-element_type=\"widget\" data-e-type=\"widget\" data-widget_type=\"text-editor.default\">\n\t\t\t\t<div class=\"elementor-widget-container\">\n\t\t\t\t\t\t\t\t\t<p>Alle unsere Dienstleistungen im Bereich Abfallmanagement und -behandlung entsprechen den Umweltvorschriften des Gro\u00dfherzogtums Luxemburg. Ein detaillierter Jahresbericht \u00fcber die Abfallmanagement wird auf Anfrage vorgelegt. Dies sorgt f\u00fcr vollst\u00e4ndige Transparenz und erm\u00f6glicht unseren Kunden, ihre Umweltauswirkungen zu verfolgen.<\/p>\n\t\t\t\t\t\t\t\t<\/div>\n\t\t\t\t<\/div>\n\t\t\t\t<\/div>\n\t\t<div class=\"elementor-element elementor-element-8bb1df5 e-con-full e-flex e-con e-child\" data-id=\"8bb1df5\" data-element_type=\"container\" data-e-type=\"container\">\n\t\t\t\t<div class=\"elementor-element elementor-element-458a3da elementor-widget elementor-widget-image\" data-id=\"458a3da\" data-element_type=\"widget\" data-e-type=\"widget\" data-widget_type=\"image.default\">\n\t\t\t\t<div class=\"elementor-widget-container\">\n\t\t\t\t\t\t\t\t\t\t\t\t\t\t\t<img decoding=\"async\" width=\"720\" height=\"480\" src=\"https:\/\/nrdocusafe.lu\/wp-content\/uploads\/2023\/12\/certificat_de_destruction.webp\" class=\"attachment-large size-large wp-image-1099\" alt=\"\" srcset=\"https:\/\/nrdocusafe.lu\/wp-content\/uploads\/2023\/12\/certificat_de_destruction.webp 720w, https:\/\/nrdocusafe.lu\/wp-content\/uploads\/2023\/12\/certificat_de_destruction-300x200.webp 300w\" sizes=\"(max-width: 720px) 100vw, 720px\" \/>\t\t\t\t\t\t\t\t\t\t\t\t\t\t\t<\/div>\n\t\t\t\t<\/div>\n\t\t\t\t<\/div>\n\t\t\t\t\t<\/div>\n\t\t\t\t<\/div>\n\t\t<div class=\"elementor-element elementor-element-e4f7223 e-flex e-con-boxed e-con e-parent\" data-id=\"e4f7223\" data-element_type=\"container\" data-e-type=\"container\" data-settings=\"{&quot;background_background&quot;:&quot;classic&quot;}\">\n\t\t\t\t\t<div class=\"e-con-inner\">\n\t\t<div class=\"elementor-element elementor-element-9a3826e e-con-full e-flex e-con e-child\" data-id=\"9a3826e\" data-element_type=\"container\" data-e-type=\"container\">\n\t\t\t\t<div class=\"elementor-element elementor-element-7547efb elementor-widget elementor-widget-image\" data-id=\"7547efb\" data-element_type=\"widget\" data-e-type=\"widget\" data-widget_type=\"image.default\">\n\t\t\t\t<div class=\"elementor-widget-container\">\n\t\t\t\t\t\t\t\t\t\t\t\t\t\t\t<img loading=\"lazy\" decoding=\"async\" width=\"720\" height=\"350\" src=\"https:\/\/nrdocusafe.lu\/wp-content\/uploads\/2023\/12\/green_luxembourg-2.webp\" class=\"attachment-large size-large wp-image-1143\" alt=\"\" srcset=\"https:\/\/nrdocusafe.lu\/wp-content\/uploads\/2023\/12\/green_luxembourg-2.webp 720w, https:\/\/nrdocusafe.lu\/wp-content\/uploads\/2023\/12\/green_luxembourg-2-300x146.webp 300w\" sizes=\"(max-width: 720px) 100vw, 720px\" \/>\t\t\t\t\t\t\t\t\t\t\t\t\t\t\t<\/div>\n\t\t\t\t<\/div>\n\t\t\t\t<\/div>\n\t\t<div class=\"elementor-element elementor-element-3a97b03 e-con-full e-flex e-con e-child\" data-id=\"3a97b03\" data-element_type=\"container\" data-e-type=\"container\">\n\t\t\t\t<div class=\"elementor-element elementor-element-dc66300 elementor-widget__width-initial elementor-widget elementor-widget-heading\" data-id=\"dc66300\" data-element_type=\"widget\" data-e-type=\"widget\" data-widget_type=\"heading.default\">\n\t\t\t\t<div class=\"elementor-widget-container\">\n\t\t\t\t\t<h2 class=\"elementor-heading-title elementor-size-default\">Engagement f\u00fcr Nachhaltigkeit <\/h2>\t\t\t\t<\/div>\n\t\t\t\t<\/div>\n\t\t\t\t<div class=\"elementor-element elementor-element-31f22ba elementor-widget elementor-widget-text-editor\" data-id=\"31f22ba\" data-element_type=\"widget\" data-e-type=\"widget\" data-widget_type=\"text-editor.default\">\n\t\t\t\t<div class=\"elementor-widget-container\">\n\t\t\t\t\t\t\t\t\t<p>nr docusafe setzt sich f\u00fcr die F\u00f6rderung von Abfallbewirtschaftungspraktiken ein, die eine nachhaltige Zukunft unterst\u00fctzen. Indem sie sich f\u00fcr unsere Dienstleistungen entscheiden, beteiligen sich unsere Kunden aktiv am Umweltschutz und tragen zu einer gr\u00fcneren Zukunft bei.<\/p>\n\t\t\t\t\t\t\t\t<\/div>\n\t\t\t\t<\/div>\n\t\t\t\t<\/div>\n\t\t\t\t\t<\/div>\n\t\t\t\t<\/div>\n\t\t<div class=\"elementor-element elementor-element-1370807e e-flex e-con-boxed e-con e-parent\" data-id=\"1370807e\" data-element_type=\"container\" data-e-type=\"container\">\n\t\t\t\t\t<div class=\"e-con-inner\">\n\t\t\t\t<div class=\"elementor-element elementor-element-1c7dfb71 elementor-widget elementor-widget-heading\" data-id=\"1c7dfb71\" data-element_type=\"widget\" data-e-type=\"widget\" data-widget_type=\"heading.default\">\n\t\t\t\t<div class=\"elementor-widget-container\">\n\t\t\t\t\t<h3 class=\"elementor-heading-title elementor-size-default\">Kontaktieren Sie uns noch heute, um weitere Informationen \u00fcber unsere L\u00f6sungen f\u00fcr die Abfallentsorgung und das Abfallmanagement zu erhalten.<\/h3>\t\t\t\t<\/div>\n\t\t\t\t<\/div>\n\t\t\t\t<div class=\"elementor-element elementor-element-32e4ce05 elementor-align-center elementor-mobile-align-center elementor-widget elementor-widget-button\" data-id=\"32e4ce05\" data-element_type=\"widget\" data-e-type=\"widget\" data-widget_type=\"button.default\">\n\t\t\t\t<div class=\"elementor-widget-container\">\n\t\t\t\t\t\t\t\t\t<div class=\"elementor-button-wrapper\">\n\t\t\t\t\t<a class=\"elementor-button elementor-button-link elementor-size-sm\" href=\"#\">\n\t\t\t\t\t\t<span class=\"elementor-button-content-wrapper\">\n\t\t\t\t\t\t\t\t\t<span class=\"elementor-button-text\">Kontaktieren Sie uns<\/span>\n\t\t\t\t\t<\/span>\n\t\t\t\t\t<\/a>\n\t\t\t\t<\/div>\n\t\t\t\t\t\t\t\t<\/div>\n\t\t\t\t<\/div>\n\t\t\t\t\t<\/div>\n\t\t\t\t<\/div>\n\t\t\t\t<\/div>\n\t\t","protected":false},"excerpt":{"rendered":"<p>Verantwortungsvolle L\u00f6sungen f\u00fcr eine nachhaltige Zukunft Wir bei nr docusafe wissen, wie wichtig ein effizientes und \u00f6kologisch verantwortliches Abfallmanagement ist. Unsere erweiterten Dienstleistungen im Bereich der Abfallsammlung und -entsorgung zielen darauf ab, die Behandlung Ihres Abfalls zu optimieren und gleichzeitig die Auswirkungen auf die Umwelt zu minimieren. Sammlung, Verwaltung und Entsorgung von Abf\u00e4llen Wir bieten [&hellip;]<\/p>\n","protected":false},"author":2,"featured_media":0,"parent":0,"menu_order":0,"comment_status":"closed","ping_status":"closed","template":"","meta":{"footnotes":""},"class_list":["post-1206","page","type-page","status-publish","hentry"],"yoast_head":"<!-- This site is optimized with the Yoast SEO plugin v27.2 - https:\/\/yoast.com\/product\/yoast-seo-wordpress\/ -->\n<title>Abfallverwaltung und -entsorgung - nrdocusafe<\/title>\n<meta name=\"description\" content=\"Unsere erweiterten Dienstleistungen im Bereich der Abfallsammlung und -Entsorgung zielen darauf ab, die Behandlung Ihres Abfalls zu optimieren und gleichzeitig die Auswirkungen auf die Umwelt zu minimieren.\" \/>\n<meta name=\"robots\" content=\"index, follow, max-snippet:-1, max-image-preview:large, max-video-preview:-1\" \/>\n<link rel=\"canonical\" href=\"https:\/\/nrdocusafe.lu\/de\/abfallverwaltung-und-entsorgung\/\" \/>\n<meta property=\"og:locale\" content=\"de_DE\" \/>\n<meta property=\"og:type\" content=\"article\" \/>\n<meta property=\"og:title\" content=\"Abfallverwaltung und -entsorgung - nrdocusafe\" \/>\n<meta property=\"og:description\" content=\"Unsere erweiterten Dienstleistungen im Bereich der Abfallsammlung und -Entsorgung zielen darauf ab, die Behandlung Ihres Abfalls zu optimieren und gleichzeitig die Auswirkungen auf die Umwelt zu minimieren.\" \/>\n<meta property=\"og:url\" content=\"https:\/\/nrdocusafe.lu\/de\/abfallverwaltung-und-entsorgung\/\" \/>\n<meta property=\"og:site_name\" content=\"nrdocusafe\" \/>\n<meta property=\"article:modified_time\" content=\"2024-03-15T09:52:03+00:00\" \/>\n<meta property=\"og:image\" content=\"https:\/\/nrdocusafe.lu\/wp-content\/uploads\/2023\/12\/electronic_waste.webp\" \/>\n<meta name=\"twitter:card\" content=\"summary_large_image\" \/>\n<meta name=\"twitter:label1\" content=\"Gesch\u00e4tzte Lesezeit\" \/>\n\t<meta name=\"twitter:data1\" content=\"1\u00a0Minute\" \/>\n<script type=\"application\/ld+json\" class=\"yoast-schema-graph\">{\"@context\":\"https:\/\/schema.org\",\"@graph\":[{\"@type\":\"WebPage\",\"@id\":\"https:\/\/nrdocusafe.lu\/de\/abfallverwaltung-und-entsorgung\/\",\"url\":\"https:\/\/nrdocusafe.lu\/de\/abfallverwaltung-und-entsorgung\/\",\"name\":\"Abfallverwaltung und -entsorgung - nrdocusafe\",\"isPartOf\":{\"@id\":\"https:\/\/nrdocusafe.lu\/de\/#website\"},\"primaryImageOfPage\":{\"@id\":\"https:\/\/nrdocusafe.lu\/de\/abfallverwaltung-und-entsorgung\/#primaryimage\"},\"image\":{\"@id\":\"https:\/\/nrdocusafe.lu\/de\/abfallverwaltung-und-entsorgung\/#primaryimage\"},\"thumbnailUrl\":\"https:\/\/nrdocusafe.lu\/wp-content\/uploads\/2023\/12\/electronic_waste.webp\",\"datePublished\":\"2023-12-11T12:39:04+00:00\",\"dateModified\":\"2024-03-15T09:52:03+00:00\",\"description\":\"Unsere erweiterten Dienstleistungen im Bereich der Abfallsammlung und -Entsorgung zielen darauf ab, die Behandlung Ihres Abfalls zu optimieren und gleichzeitig die Auswirkungen auf die Umwelt zu minimieren.\",\"breadcrumb\":{\"@id\":\"https:\/\/nrdocusafe.lu\/de\/abfallverwaltung-und-entsorgung\/#breadcrumb\"},\"inLanguage\":\"de\",\"potentialAction\":[{\"@type\":\"ReadAction\",\"target\":[\"https:\/\/nrdocusafe.lu\/de\/abfallverwaltung-und-entsorgung\/\"]}]},{\"@type\":\"ImageObject\",\"inLanguage\":\"de\",\"@id\":\"https:\/\/nrdocusafe.lu\/de\/abfallverwaltung-und-entsorgung\/#primaryimage\",\"url\":\"https:\/\/nrdocusafe.lu\/wp-content\/uploads\/2023\/12\/electronic_waste.webp\",\"contentUrl\":\"https:\/\/nrdocusafe.lu\/wp-content\/uploads\/2023\/12\/electronic_waste.webp\"},{\"@type\":\"BreadcrumbList\",\"@id\":\"https:\/\/nrdocusafe.lu\/de\/abfallverwaltung-und-entsorgung\/#breadcrumb\",\"itemListElement\":[{\"@type\":\"ListItem\",\"position\":1,\"name\":\"Home\",\"item\":\"https:\/\/nrdocusafe.lu\/de\/startseite\/\"},{\"@type\":\"ListItem\",\"position\":2,\"name\":\"Abfallverwaltung und -entsorgung\"}]},{\"@type\":\"WebSite\",\"@id\":\"https:\/\/nrdocusafe.lu\/de\/#website\",\"url\":\"https:\/\/nrdocusafe.lu\/de\/\",\"name\":\"nr docusafe\",\"description\":\"When highest care becomes standard\",\"publisher\":{\"@id\":\"https:\/\/nrdocusafe.lu\/de\/#organization\"},\"potentialAction\":[{\"@type\":\"SearchAction\",\"target\":{\"@type\":\"EntryPoint\",\"urlTemplate\":\"https:\/\/nrdocusafe.lu\/de\/?s={search_term_string}\"},\"query-input\":{\"@type\":\"PropertyValueSpecification\",\"valueRequired\":true,\"valueName\":\"search_term_string\"}}],\"inLanguage\":\"de\"},{\"@type\":\"Organization\",\"@id\":\"https:\/\/nrdocusafe.lu\/de\/#organization\",\"name\":\"nr docusafe\",\"url\":\"https:\/\/nrdocusafe.lu\/de\/\",\"logo\":{\"@type\":\"ImageObject\",\"inLanguage\":\"de\",\"@id\":\"https:\/\/nrdocusafe.lu\/de\/#\/schema\/logo\/image\/\",\"url\":\"https:\/\/nrdocusafe.lu\/wp-content\/uploads\/2023\/09\/NrDocusafe.png\",\"contentUrl\":\"https:\/\/nrdocusafe.lu\/wp-content\/uploads\/2023\/09\/NrDocusafe.png\",\"width\":209,\"height\":104,\"caption\":\"nr docusafe\"},\"image\":{\"@id\":\"https:\/\/nrdocusafe.lu\/de\/#\/schema\/logo\/image\/\"},\"sameAs\":[\"https:\/\/www.linkedin.com\/company\/nr-docusafe\/\",\"https:\/\/www.instagram.com\/nrdocusafe?igsh=M2puNW13NWFyZjJu\"]}]}<\/script>\n<!-- \/ Yoast SEO plugin. -->","yoast_head_json":{"title":"Abfallverwaltung und -entsorgung - nrdocusafe","description":"Unsere erweiterten Dienstleistungen im Bereich der Abfallsammlung und -Entsorgung zielen darauf ab, die Behandlung Ihres Abfalls zu optimieren und gleichzeitig die Auswirkungen auf die Umwelt zu minimieren.","robots":{"index":"index","follow":"follow","max-snippet":"max-snippet:-1","max-image-preview":"max-image-preview:large","max-video-preview":"max-video-preview:-1"},"canonical":"https:\/\/nrdocusafe.lu\/de\/abfallverwaltung-und-entsorgung\/","og_locale":"de_DE","og_type":"article","og_title":"Abfallverwaltung und -entsorgung - nrdocusafe","og_description":"Unsere erweiterten Dienstleistungen im Bereich der Abfallsammlung und -Entsorgung zielen darauf ab, die Behandlung Ihres Abfalls zu optimieren und gleichzeitig die Auswirkungen auf die Umwelt zu minimieren.","og_url":"https:\/\/nrdocusafe.lu\/de\/abfallverwaltung-und-entsorgung\/","og_site_name":"nrdocusafe","article_modified_time":"2024-03-15T09:52:03+00:00","og_image":[{"url":"https:\/\/nrdocusafe.lu\/wp-content\/uploads\/2023\/12\/electronic_waste.webp","type":"","width":"","height":""}],"twitter_card":"summary_large_image","twitter_misc":{"Gesch\u00e4tzte Lesezeit":"1\u00a0Minute"},"schema":{"@context":"https:\/\/schema.org","@graph":[{"@type":"WebPage","@id":"https:\/\/nrdocusafe.lu\/de\/abfallverwaltung-und-entsorgung\/","url":"https:\/\/nrdocusafe.lu\/de\/abfallverwaltung-und-entsorgung\/","name":"Abfallverwaltung und -entsorgung - nrdocusafe","isPartOf":{"@id":"https:\/\/nrdocusafe.lu\/de\/#website"},"primaryImageOfPage":{"@id":"https:\/\/nrdocusafe.lu\/de\/abfallverwaltung-und-entsorgung\/#primaryimage"},"image":{"@id":"https:\/\/nrdocusafe.lu\/de\/abfallverwaltung-und-entsorgung\/#primaryimage"},"thumbnailUrl":"https:\/\/nrdocusafe.lu\/wp-content\/uploads\/2023\/12\/electronic_waste.webp","datePublished":"2023-12-11T12:39:04+00:00","dateModified":"2024-03-15T09:52:03+00:00","description":"Unsere erweiterten Dienstleistungen im Bereich der Abfallsammlung und -Entsorgung zielen darauf ab, die Behandlung Ihres Abfalls zu optimieren und gleichzeitig die Auswirkungen auf die Umwelt zu minimieren.","breadcrumb":{"@id":"https:\/\/nrdocusafe.lu\/de\/abfallverwaltung-und-entsorgung\/#breadcrumb"},"inLanguage":"de","potentialAction":[{"@type":"ReadAction","target":["https:\/\/nrdocusafe.lu\/de\/abfallverwaltung-und-entsorgung\/"]}]},{"@type":"ImageObject","inLanguage":"de","@id":"https:\/\/nrdocusafe.lu\/de\/abfallverwaltung-und-entsorgung\/#primaryimage","url":"https:\/\/nrdocusafe.lu\/wp-content\/uploads\/2023\/12\/electronic_waste.webp","contentUrl":"https:\/\/nrdocusafe.lu\/wp-content\/uploads\/2023\/12\/electronic_waste.webp"},{"@type":"BreadcrumbList","@id":"https:\/\/nrdocusafe.lu\/de\/abfallverwaltung-und-entsorgung\/#breadcrumb","itemListElement":[{"@type":"ListItem","position":1,"name":"Home","item":"https:\/\/nrdocusafe.lu\/de\/startseite\/"},{"@type":"ListItem","position":2,"name":"Abfallverwaltung und -entsorgung"}]},{"@type":"WebSite","@id":"https:\/\/nrdocusafe.lu\/de\/#website","url":"https:\/\/nrdocusafe.lu\/de\/","name":"nr docusafe","description":"When highest care becomes standard","publisher":{"@id":"https:\/\/nrdocusafe.lu\/de\/#organization"},"potentialAction":[{"@type":"SearchAction","target":{"@type":"EntryPoint","urlTemplate":"https:\/\/nrdocusafe.lu\/de\/?s={search_term_string}"},"query-input":{"@type":"PropertyValueSpecification","valueRequired":true,"valueName":"search_term_string"}}],"inLanguage":"de"},{"@type":"Organization","@id":"https:\/\/nrdocusafe.lu\/de\/#organization","name":"nr docusafe","url":"https:\/\/nrdocusafe.lu\/de\/","logo":{"@type":"ImageObject","inLanguage":"de","@id":"https:\/\/nrdocusafe.lu\/de\/#\/schema\/logo\/image\/","url":"https:\/\/nrdocusafe.lu\/wp-content\/uploads\/2023\/09\/NrDocusafe.png","contentUrl":"https:\/\/nrdocusafe.lu\/wp-content\/uploads\/2023\/09\/NrDocusafe.png","width":209,"height":104,"caption":"nr docusafe"},"image":{"@id":"https:\/\/nrdocusafe.lu\/de\/#\/schema\/logo\/image\/"},"sameAs":["https:\/\/www.linkedin.com\/company\/nr-docusafe\/","https:\/\/www.instagram.com\/nrdocusafe?igsh=M2puNW13NWFyZjJu"]}]}},"_links":{"self":[{"href":"https:\/\/nrdocusafe.lu\/de\/wp-json\/wp\/v2\/pages\/1206","targetHints":{"allow":["GET"]}}],"collection":[{"href":"https:\/\/nrdocusafe.lu\/de\/wp-json\/wp\/v2\/pages"}],"about":[{"href":"https:\/\/nrdocusafe.lu\/de\/wp-json\/wp\/v2\/types\/page"}],"author":[{"embeddable":true,"href":"https:\/\/nrdocusafe.lu\/de\/wp-json\/wp\/v2\/users\/2"}],"replies":[{"embeddable":true,"href":"https:\/\/nrdocusafe.lu\/de\/wp-json\/wp\/v2\/comments?post=1206"}],"version-history":[{"count":6,"href":"https:\/\/nrdocusafe.lu\/de\/wp-json\/wp\/v2\/pages\/1206\/revisions"}],"predecessor-version":[{"id":1717,"href":"https:\/\/nrdocusafe.lu\/de\/wp-json\/wp\/v2\/pages\/1206\/revisions\/1717"}],"wp:attachment":[{"href":"https:\/\/nrdocusafe.lu\/de\/wp-json\/wp\/v2\/media?parent=1206"}],"curies":[{"name":"wp","href":"https:\/\/api.w.org\/{rel}","templated":true}]}}