{"id":1214,"date":"2023-12-11T14:09:33","date_gmt":"2023-12-11T13:09:33","guid":{"rendered":"https:\/\/nrdocusafe.lu\/unsere-zertifizierungen\/"},"modified":"2025-01-03T12:05:46","modified_gmt":"2025-01-03T11:05:46","slug":"unsere-zertifizierungen","status":"publish","type":"page","link":"https:\/\/nrdocusafe.lu\/de\/unsere-zertifizierungen\/","title":{"rendered":"Unsere Zertifizierungen"},"content":{"rendered":"\t\t<div data-elementor-type=\"wp-page\" data-elementor-id=\"1214\" class=\"elementor elementor-1214 elementor-545\" data-elementor-post-type=\"page\">\n\t\t\t\t<div class=\"elementor-element elementor-element-384ef3c e-flex e-con-boxed e-con e-parent\" data-id=\"384ef3c\" data-element_type=\"container\" data-e-type=\"container\">\n\t\t\t\t\t<div class=\"e-con-inner\">\n\t\t\t\t<div class=\"elementor-element elementor-element-aaccf1a elementor-widget elementor-widget-template\" data-id=\"aaccf1a\" data-element_type=\"widget\" data-e-type=\"widget\" data-widget_type=\"template.default\">\n\t\t\t\t<div class=\"elementor-widget-container\">\n\t\t\t\t\t\t\t<div class=\"elementor-template\">\n\t\t\t\t\t<div data-elementor-type=\"container\" data-elementor-id=\"1833\" class=\"elementor elementor-1833\" data-elementor-post-type=\"elementor_library\">\n\t\t\t\t<div class=\"elementor-element elementor-element-5c8a782 e-flex e-con-boxed e-con e-parent\" data-id=\"5c8a782\" data-element_type=\"container\" data-e-type=\"container\">\n\t\t\t\t\t<div class=\"e-con-inner\">\n\t\t<div class=\"elementor-element elementor-element-17393b2e e-grid e-con-boxed e-con e-child\" data-id=\"17393b2e\" data-element_type=\"container\" data-e-type=\"container\">\n\t\t\t\t\t<div class=\"e-con-inner\">\n\t\t\t\t<div class=\"elementor-element elementor-element-46acec6d elementor-widget elementor-widget-image\" data-id=\"46acec6d\" data-element_type=\"widget\" data-e-type=\"widget\" data-widget_type=\"image.default\">\n\t\t\t\t<div class=\"elementor-widget-container\">\n\t\t\t\t\t\t\t\t\t\t\t\t\t\t\t<img fetchpriority=\"high\" decoding=\"async\" width=\"400\" height=\"400\" src=\"https:\/\/nrdocusafe.lu\/wp-content\/uploads\/2025\/01\/iso_14001.png\" class=\"attachment-large size-large wp-image-1821\" alt=\"\" srcset=\"https:\/\/nrdocusafe.lu\/wp-content\/uploads\/2025\/01\/iso_14001.png 400w, https:\/\/nrdocusafe.lu\/wp-content\/uploads\/2025\/01\/iso_14001-300x300.png 300w, https:\/\/nrdocusafe.lu\/wp-content\/uploads\/2025\/01\/iso_14001-150x150.png 150w\" sizes=\"(max-width: 400px) 100vw, 400px\" \/>\t\t\t\t\t\t\t\t\t\t\t\t\t\t\t<\/div>\n\t\t\t\t<\/div>\n\t\t\t\t<div class=\"elementor-element elementor-element-51c858e2 elementor-widget elementor-widget-image\" data-id=\"51c858e2\" data-element_type=\"widget\" data-e-type=\"widget\" data-widget_type=\"image.default\">\n\t\t\t\t<div class=\"elementor-widget-container\">\n\t\t\t\t\t\t\t\t\t\t\t\t\t\t\t<img decoding=\"async\" width=\"400\" height=\"400\" src=\"https:\/\/nrdocusafe.lu\/wp-content\/uploads\/2025\/01\/iso_9001.png\" class=\"attachment-large size-large wp-image-1824\" alt=\"\" srcset=\"https:\/\/nrdocusafe.lu\/wp-content\/uploads\/2025\/01\/iso_9001.png 400w, https:\/\/nrdocusafe.lu\/wp-content\/uploads\/2025\/01\/iso_9001-300x300.png 300w, https:\/\/nrdocusafe.lu\/wp-content\/uploads\/2025\/01\/iso_9001-150x150.png 150w\" sizes=\"(max-width: 400px) 100vw, 400px\" \/>\t\t\t\t\t\t\t\t\t\t\t\t\t\t\t<\/div>\n\t\t\t\t<\/div>\n\t\t\t\t<div class=\"elementor-element elementor-element-1eef8737 elementor-widget elementor-widget-image\" data-id=\"1eef8737\" data-element_type=\"widget\" data-e-type=\"widget\" data-widget_type=\"image.default\">\n\t\t\t\t<div class=\"elementor-widget-container\">\n\t\t\t\t\t\t\t\t\t\t\t\t\t\t\t<img decoding=\"async\" width=\"400\" height=\"400\" src=\"https:\/\/nrdocusafe.lu\/wp-content\/uploads\/2025\/01\/esr_2025_logo.png\" class=\"attachment-large size-large wp-image-1815\" alt=\"\" srcset=\"https:\/\/nrdocusafe.lu\/wp-content\/uploads\/2025\/01\/esr_2025_logo.png 400w, https:\/\/nrdocusafe.lu\/wp-content\/uploads\/2025\/01\/esr_2025_logo-300x300.png 300w, https:\/\/nrdocusafe.lu\/wp-content\/uploads\/2025\/01\/esr_2025_logo-150x150.png 150w\" sizes=\"(max-width: 400px) 100vw, 400px\" \/>\t\t\t\t\t\t\t\t\t\t\t\t\t\t\t<\/div>\n\t\t\t\t<\/div>\n\t\t\t\t<div class=\"elementor-element elementor-element-668ebcd2 elementor-widget elementor-widget-image\" data-id=\"668ebcd2\" data-element_type=\"widget\" data-e-type=\"widget\" data-widget_type=\"image.default\">\n\t\t\t\t<div class=\"elementor-widget-container\">\n\t\t\t\t\t\t\t\t\t\t\t\t\t\t\t<img loading=\"lazy\" decoding=\"async\" width=\"400\" height=\"400\" src=\"https:\/\/nrdocusafe.lu\/wp-content\/uploads\/2025\/01\/m_lux_logo.png\" class=\"attachment-large size-large wp-image-1812\" alt=\"\" srcset=\"https:\/\/nrdocusafe.lu\/wp-content\/uploads\/2025\/01\/m_lux_logo.png 400w, https:\/\/nrdocusafe.lu\/wp-content\/uploads\/2025\/01\/m_lux_logo-300x300.png 300w, https:\/\/nrdocusafe.lu\/wp-content\/uploads\/2025\/01\/m_lux_logo-150x150.png 150w\" sizes=\"(max-width: 400px) 100vw, 400px\" \/>\t\t\t\t\t\t\t\t\t\t\t\t\t\t\t<\/div>\n\t\t\t\t<\/div>\n\t\t\t\t<div class=\"elementor-element elementor-element-7a3a9338 elementor-widget elementor-widget-image\" data-id=\"7a3a9338\" data-element_type=\"widget\" data-e-type=\"widget\" data-widget_type=\"image.default\">\n\t\t\t\t<div class=\"elementor-widget-container\">\n\t\t\t\t\t\t\t\t\t\t\t\t\t\t\t<img loading=\"lazy\" decoding=\"async\" width=\"400\" height=\"400\" src=\"https:\/\/nrdocusafe.lu\/wp-content\/uploads\/2025\/01\/psf_support_logo.png\" class=\"attachment-full size-full wp-image-1809\" alt=\"\" srcset=\"https:\/\/nrdocusafe.lu\/wp-content\/uploads\/2025\/01\/psf_support_logo.png 400w, https:\/\/nrdocusafe.lu\/wp-content\/uploads\/2025\/01\/psf_support_logo-300x300.png 300w, https:\/\/nrdocusafe.lu\/wp-content\/uploads\/2025\/01\/psf_support_logo-150x150.png 150w\" sizes=\"(max-width: 400px) 100vw, 400px\" \/>\t\t\t\t\t\t\t\t\t\t\t\t\t\t\t<\/div>\n\t\t\t\t<\/div>\n\t\t\t\t<div class=\"elementor-element elementor-element-160ea5f2 elementor-widget elementor-widget-image\" data-id=\"160ea5f2\" data-element_type=\"widget\" data-e-type=\"widget\" data-widget_type=\"image.default\">\n\t\t\t\t<div class=\"elementor-widget-container\">\n\t\t\t\t\t\t\t\t\t\t\t\t\t\t\t<img loading=\"lazy\" decoding=\"async\" width=\"400\" height=\"400\" src=\"https:\/\/nrdocusafe.lu\/wp-content\/uploads\/2025\/01\/r_europe_logo.png\" class=\"attachment-large size-large wp-image-1818\" alt=\"\" srcset=\"https:\/\/nrdocusafe.lu\/wp-content\/uploads\/2025\/01\/r_europe_logo.png 400w, https:\/\/nrdocusafe.lu\/wp-content\/uploads\/2025\/01\/r_europe_logo-300x300.png 300w, https:\/\/nrdocusafe.lu\/wp-content\/uploads\/2025\/01\/r_europe_logo-150x150.png 150w\" sizes=\"(max-width: 400px) 100vw, 400px\" \/>\t\t\t\t\t\t\t\t\t\t\t\t\t\t\t<\/div>\n\t\t\t\t<\/div>\n\t\t\t\t<div class=\"elementor-element elementor-element-1a00c985 elementor-widget elementor-widget-image\" data-id=\"1a00c985\" data-element_type=\"widget\" data-e-type=\"widget\" data-widget_type=\"image.default\">\n\t\t\t\t<div class=\"elementor-widget-container\">\n\t\t\t\t\t\t\t\t\t\t\t\t\t\t\t\t<a href=\"https:\/\/nrdocusafe.lu\/wp-content\/uploads\/2025\/01\/2024-04-29-Certificat-SuperDreckskescht-F-Partenaire-cooperation-valable-jusquau-03-2026.pdf\" target=\"_blank\">\n\t\t\t\t\t\t\t<img loading=\"lazy\" decoding=\"async\" width=\"400\" height=\"400\" src=\"https:\/\/nrdocusafe.lu\/wp-content\/uploads\/2025\/01\/sdk_2025_logo.png\" class=\"attachment-full size-full wp-image-1806\" alt=\"\" srcset=\"https:\/\/nrdocusafe.lu\/wp-content\/uploads\/2025\/01\/sdk_2025_logo.png 400w, https:\/\/nrdocusafe.lu\/wp-content\/uploads\/2025\/01\/sdk_2025_logo-300x300.png 300w, https:\/\/nrdocusafe.lu\/wp-content\/uploads\/2025\/01\/sdk_2025_logo-150x150.png 150w\" sizes=\"(max-width: 400px) 100vw, 400px\" \/>\t\t\t\t\t\t\t\t<\/a>\n\t\t\t\t\t\t\t\t\t\t\t\t\t\t\t<\/div>\n\t\t\t\t<\/div>\n\t\t\t\t\t<\/div>\n\t\t\t\t<\/div>\n\t\t\t\t\t<\/div>\n\t\t\t\t<\/div>\n\t\t\t\t<\/div>\n\t\t\t\t<\/div>\n\t\t\t\t\t\t<\/div>\n\t\t\t\t<\/div>\n\t\t\t\t\t<\/div>\n\t\t\t\t<\/div>\n\t\t<div class=\"elementor-element elementor-element-2a81f1a e-flex e-con-boxed e-con e-parent\" data-id=\"2a81f1a\" data-element_type=\"container\" data-e-type=\"container\" data-settings=\"{&quot;background_background&quot;:&quot;classic&quot;}\">\n\t\t\t\t\t<div class=\"e-con-inner\">\n\t\t<div class=\"elementor-element elementor-element-25d0b9c e-con-full e-flex e-con e-child\" data-id=\"25d0b9c\" data-element_type=\"container\" data-e-type=\"container\">\n\t\t\t\t<div class=\"elementor-element elementor-element-5980c4a elementor-widget__width-initial elementor-widget elementor-widget-heading\" data-id=\"5980c4a\" data-element_type=\"widget\" data-e-type=\"widget\" data-widget_type=\"heading.default\">\n\t\t\t\t<div class=\"elementor-widget-container\">\n\t\t\t\t\t<h1 class=\"elementor-heading-title elementor-size-default\">Zertifizierte Exzellenz: Entdecken Sie unsere G\u00fctesiegel und Qualit\u00e4tsstandards<\/h1>\t\t\t\t<\/div>\n\t\t\t\t<\/div>\n\t\t\t\t<div class=\"elementor-element elementor-element-c8d96b6 elementor-widget elementor-widget-text-editor\" data-id=\"c8d96b6\" data-element_type=\"widget\" data-e-type=\"widget\" data-widget_type=\"text-editor.default\">\n\t\t\t\t<div class=\"elementor-widget-container\">\n\t\t\t\t\t\t\t\t\t<p>Erkunden Sie unsere angesehenen Zertifizierungen und Siegel, die unsere Einhaltung von Qualit\u00e4ts- und Umweltstandards belegen. <\/p>\n\t\t\t\t\t\t\t\t<\/div>\n\t\t\t\t<\/div>\n\t\t\t\t<\/div>\n\t\t\t\t<div class=\"elementor-element elementor-element-d6afb22 elementor-widget elementor-widget-accordion\" data-id=\"d6afb22\" data-element_type=\"widget\" data-e-type=\"widget\" data-widget_type=\"accordion.default\">\n\t\t\t\t<div class=\"elementor-widget-container\">\n\t\t\t\t\t\t\t<div class=\"elementor-accordion\">\n\t\t\t\t\t\t\t<div class=\"elementor-accordion-item\">\n\t\t\t\t\t<div id=\"elementor-tab-title-2251\" class=\"elementor-tab-title\" data-tab=\"1\" role=\"button\" aria-controls=\"elementor-tab-content-2251\" aria-expanded=\"false\">\n\t\t\t\t\t\t\t\t\t\t\t\t\t<span class=\"elementor-accordion-icon elementor-accordion-icon-left\" aria-hidden=\"true\">\n\t\t\t\t\t\t\t\t\t\t\t\t\t\t\t<span class=\"elementor-accordion-icon-closed\"><i class=\"fas fa-plus\"><\/i><\/span>\n\t\t\t\t\t\t\t\t<span class=\"elementor-accordion-icon-opened\"><i class=\"fas fa-minus\"><\/i><\/span>\n\t\t\t\t\t\t\t\t\t\t\t\t\t\t<\/span>\n\t\t\t\t\t\t\t\t\t\t\t\t<a class=\"elementor-accordion-title\" tabindex=\"0\">PSF-Zulassung:<\/a>\n\t\t\t\t\t<\/div>\n\t\t\t\t\t<div id=\"elementor-tab-content-2251\" class=\"elementor-tab-content elementor-clearfix\" data-tab=\"1\" role=\"region\" aria-labelledby=\"elementor-tab-title-2251\"><p>Seit 2006 besitzen wir die PSF-Zulassung (Professional of the Financial Sector), die unsere Konformit\u00e4t mit den Richtlinien der CSSF belegt.<\/p>\n<\/div>\n\t\t\t\t<\/div>\n\t\t\t\t\t\t\t<div class=\"elementor-accordion-item\">\n\t\t\t\t\t<div id=\"elementor-tab-title-2252\" class=\"elementor-tab-title\" data-tab=\"2\" role=\"button\" aria-controls=\"elementor-tab-content-2252\" aria-expanded=\"false\">\n\t\t\t\t\t\t\t\t\t\t\t\t\t<span class=\"elementor-accordion-icon elementor-accordion-icon-left\" aria-hidden=\"true\">\n\t\t\t\t\t\t\t\t\t\t\t\t\t\t\t<span class=\"elementor-accordion-icon-closed\"><i class=\"fas fa-plus\"><\/i><\/span>\n\t\t\t\t\t\t\t\t<span class=\"elementor-accordion-icon-opened\"><i class=\"fas fa-minus\"><\/i><\/span>\n\t\t\t\t\t\t\t\t\t\t\t\t\t\t<\/span>\n\t\t\t\t\t\t\t\t\t\t\t\t<a class=\"elementor-accordion-title\" tabindex=\"0\">ISO 9001 und ISO 14001:<\/a>\n\t\t\t\t\t<\/div>\n\t\t\t\t\t<div id=\"elementor-tab-content-2252\" class=\"elementor-tab-content elementor-clearfix\" data-tab=\"2\" role=\"region\" aria-labelledby=\"elementor-tab-title-2252\"><p>Bei nr docusafe sind wir nach den Standards ISO 9001 f\u00fcr Qualit\u00e4tsmanagement und ISO 14001 f\u00fcr Umweltmanagement zertifiziert. Diese Zertifizierungen spiegeln unser Engagement f\u00fcr die Qualit\u00e4t unserer Dienstleistungen und den Schutz der Umwelt wieder.<\/p>\n<\/div>\n\t\t\t\t<\/div>\n\t\t\t\t\t\t\t<div class=\"elementor-accordion-item\">\n\t\t\t\t\t<div id=\"elementor-tab-title-2253\" class=\"elementor-tab-title\" data-tab=\"3\" role=\"button\" aria-controls=\"elementor-tab-content-2253\" aria-expanded=\"false\">\n\t\t\t\t\t\t\t\t\t\t\t\t\t<span class=\"elementor-accordion-icon elementor-accordion-icon-left\" aria-hidden=\"true\">\n\t\t\t\t\t\t\t\t\t\t\t\t\t\t\t<span class=\"elementor-accordion-icon-closed\"><i class=\"fas fa-plus\"><\/i><\/span>\n\t\t\t\t\t\t\t\t<span class=\"elementor-accordion-icon-opened\"><i class=\"fas fa-minus\"><\/i><\/span>\n\t\t\t\t\t\t\t\t\t\t\t\t\t\t<\/span>\n\t\t\t\t\t\t\t\t\t\t\t\t<a class=\"elementor-accordion-title\" tabindex=\"0\">CSR-Siegel:<\/a>\n\t\t\t\t\t<\/div>\n\t\t\t\t\t<div id=\"elementor-tab-content-2253\" class=\"elementor-tab-content elementor-clearfix\" data-tab=\"3\" role=\"region\" aria-labelledby=\"elementor-tab-title-2253\"><div><span lang=\"FR-LU\">Unsere \u00dcberzeugung in die gesellschaftliche Verantwortung von Unternehmen (CSR)<\/span> wird durch unsere CSR-Strategie und das Bewusstsein unserer Mitarbeiter unterstrichen. Dieser Ansatz wurde mit dem CSR-Siegel belohnt, das unsere Arbeit f\u00fcr eine nachhaltige Entwicklung auf allen Ebenen anerkennt.<\/div>\n<\/div>\n\t\t\t\t<\/div>\n\t\t\t\t\t\t\t<div class=\"elementor-accordion-item\">\n\t\t\t\t\t<div id=\"elementor-tab-title-2254\" class=\"elementor-tab-title\" data-tab=\"4\" role=\"button\" aria-controls=\"elementor-tab-content-2254\" aria-expanded=\"false\">\n\t\t\t\t\t\t\t\t\t\t\t\t\t<span class=\"elementor-accordion-icon elementor-accordion-icon-left\" aria-hidden=\"true\">\n\t\t\t\t\t\t\t\t\t\t\t\t\t\t\t<span class=\"elementor-accordion-icon-closed\"><i class=\"fas fa-plus\"><\/i><\/span>\n\t\t\t\t\t\t\t\t<span class=\"elementor-accordion-icon-opened\"><i class=\"fas fa-minus\"><\/i><\/span>\n\t\t\t\t\t\t\t\t\t\t\t\t\t\t<\/span>\n\t\t\t\t\t\t\t\t\t\t\t\t<a class=\"elementor-accordion-title\" tabindex=\"0\">Made in Luxembourg:<\/a>\n\t\t\t\t\t<\/div>\n\t\t\t\t\t<div id=\"elementor-tab-content-2254\" class=\"elementor-tab-content elementor-clearfix\" data-tab=\"4\" role=\"region\" aria-labelledby=\"elementor-tab-title-2254\"><p>nr docusafe hat auch das Label &#8222;Made in Luxembourg &#8220; erhalten, das die Herkunft unseres Know-hows verdeutlicht. Diese Kennzeichnung wird grunds\u00e4tzlich f\u00fcr eine Dauer von 5 Jahren und nur f\u00fcr luxemburgische Produkte und Dienstleistungen vergeben. In erster Linie soll dieses Label die Produkte und Dienstleistungen von Unternehmen f\u00f6rdern, die im Gro\u00dfherzogtum gegr\u00fcndet wurden. Um dieses luxemburgische G\u00fctesiegel zu erhalten, muss man bestimmte Verfahren durchlaufen, die anschlie\u00dfend von der Handwerkskammer oder der Handelskammer bewertet werden. Dieses Zertifikat berechtigt uns, das Label &#8222;Made in Luxembourg&#8220; auf folgenden Dienstleistungen anzubringen:<\/p>\n<ul>\n<li>Archivierung<\/li>\n<li>Vernichtung von Archiven<\/li>\n<li>Vernichtung aller Datentr\u00e4ger (Disketten, B\u00e4nder, Magnetkarten, Videokassetten, Mikrofilme, Bankkarten, Mobiltelefone&#8230;)<\/li>\n<li>Vermietung und Verkauf von Papiercontainern.<\/li>\n<\/ul>\n<p><span style=\"color: var( --e-global-color-text ); font-family: var( --e-global-typography-text-font-family ), Sans-serif; font-weight: var( --e-global-typography-text-font-weight ); font-size: 1rem;\"> <\/span><\/p>\n<p><span style=\"color: var( --e-global-color-text ); font-family: var( --e-global-typography-text-font-family ), Sans-serif; font-weight: var( --e-global-typography-text-font-weight ); font-size: 1rem;\">Heutzutage spielt dieses Label eine wichtige Rolle und symbolisiert Vertrauen, Treue und Know-how. Im Laufe des letzten Jahrzehnts hat er im Handwerkssektor zunehmend an Interesse gewonnen, und wir sind sehr stolz darauf, zum Verzeichnis der Inhaberunternehmen zu geh\u00f6ren.<\/span><\/p>\n<\/div>\n\t\t\t\t<\/div>\n\t\t\t\t\t\t\t<div class=\"elementor-accordion-item\">\n\t\t\t\t\t<div id=\"elementor-tab-title-2255\" class=\"elementor-tab-title\" data-tab=\"5\" role=\"button\" aria-controls=\"elementor-tab-content-2255\" aria-expanded=\"false\">\n\t\t\t\t\t\t\t\t\t\t\t\t\t<span class=\"elementor-accordion-icon elementor-accordion-icon-left\" aria-hidden=\"true\">\n\t\t\t\t\t\t\t\t\t\t\t\t\t\t\t<span class=\"elementor-accordion-icon-closed\"><i class=\"fas fa-plus\"><\/i><\/span>\n\t\t\t\t\t\t\t\t<span class=\"elementor-accordion-icon-opened\"><i class=\"fas fa-minus\"><\/i><\/span>\n\t\t\t\t\t\t\t\t\t\t\t\t\t\t<\/span>\n\t\t\t\t\t\t\t\t\t\t\t\t<a class=\"elementor-accordion-title\" tabindex=\"0\">Label \" SuperDrecksK\u00ebscht fir Betriber \":<\/a>\n\t\t\t\t\t<\/div>\n\t\t\t\t\t<div id=\"elementor-tab-content-2255\" class=\"elementor-tab-content elementor-clearfix\" data-tab=\"5\" role=\"region\" aria-labelledby=\"elementor-tab-title-2255\"><p>Unser Umweltengagement wurde mit dem Label &#8222;<a href=\"https:\/\/nrdocusafe.lu\/wp-content\/uploads\/2025\/01\/2024-04-29-Certificat-SuperDreckskescht-F-Partenaire-cooperation-valable-jusquau-03-2026.pdf\" target=\"_blank\"> SuperDrecksK\u00ebscht fir Betriber<\/a>&#8220; ausgezeichnet, das nach der Norm ISO 14024 zertifiziert ist. Dieses Label ist eine Anerkennung unserer Anwendung der besten Praktiken im Bereich der Abfallwirtschaft.<\/p>\n<\/div>\n\t\t\t\t<\/div>\n\t\t\t\t\t\t\t\t<\/div>\n\t\t\t\t\t\t<\/div>\n\t\t\t\t<\/div>\n\t\t\t\t\t<\/div>\n\t\t\t\t<\/div>\n\t\t<div class=\"elementor-element elementor-element-1370807e e-flex e-con-boxed e-con e-parent\" data-id=\"1370807e\" data-element_type=\"container\" data-e-type=\"container\">\n\t\t\t\t\t<div class=\"e-con-inner\">\n\t\t\t\t<div class=\"elementor-element elementor-element-1c7dfb71 elementor-widget elementor-widget-heading\" data-id=\"1c7dfb71\" data-element_type=\"widget\" data-e-type=\"widget\" data-widget_type=\"heading.default\">\n\t\t\t\t<div class=\"elementor-widget-container\">\n\t\t\t\t\t<h3 class=\"elementor-heading-title elementor-size-default\">Kontaktieren Sie uns noch heute f\u00fcr weitere Zertifizierungsinformationen.<\/h3>\t\t\t\t<\/div>\n\t\t\t\t<\/div>\n\t\t\t\t<div class=\"elementor-element elementor-element-32e4ce05 elementor-align-center elementor-mobile-align-center elementor-widget elementor-widget-button\" data-id=\"32e4ce05\" data-element_type=\"widget\" data-e-type=\"widget\" data-widget_type=\"button.default\">\n\t\t\t\t<div class=\"elementor-widget-container\">\n\t\t\t\t\t\t\t\t\t<div class=\"elementor-button-wrapper\">\n\t\t\t\t\t<a class=\"elementor-button elementor-button-link elementor-size-sm\" href=\"https:\/\/nrdocusafe.lu\/de\/kontakt\/\">\n\t\t\t\t\t\t<span class=\"elementor-button-content-wrapper\">\n\t\t\t\t\t\t\t\t\t<span class=\"elementor-button-text\">Kontaktieren Sie uns<\/span>\n\t\t\t\t\t<\/span>\n\t\t\t\t\t<\/a>\n\t\t\t\t<\/div>\n\t\t\t\t\t\t\t\t<\/div>\n\t\t\t\t<\/div>\n\t\t\t\t\t<\/div>\n\t\t\t\t<\/div>\n\t\t\t\t<\/div>\n\t\t","protected":false},"excerpt":{"rendered":"<p>Zertifizierte Exzellenz: Entdecken Sie unsere G\u00fctesiegel und Qualit\u00e4tsstandards Erkunden Sie unsere angesehenen Zertifizierungen und Siegel, die unsere Einhaltung von Qualit\u00e4ts- und Umweltstandards belegen. PSF-Zulassung: Seit 2006 besitzen wir die PSF-Zulassung (Professional of the Financial Sector), die unsere Konformit\u00e4t mit den Richtlinien der CSSF belegt. ISO 9001 und ISO 14001: Bei nr docusafe sind wir nach [&hellip;]<\/p>\n","protected":false},"author":2,"featured_media":0,"parent":0,"menu_order":0,"comment_status":"closed","ping_status":"closed","template":"","meta":{"footnotes":""},"class_list":["post-1214","page","type-page","status-publish","hentry"],"yoast_head":"<!-- This site is optimized with the Yoast SEO plugin v27.2 - https:\/\/yoast.com\/product\/yoast-seo-wordpress\/ -->\n<title>Unsere Zertifizierungen - nrdocusafe<\/title>\n<meta name=\"description\" content=\"Erkunden Sie unsere angesehenen Zertifizierungen und Siegel, die unsere Einhaltung von Qualit\u00e4ts- und Umweltstandards belegen.\" \/>\n<meta name=\"robots\" content=\"index, follow, max-snippet:-1, max-image-preview:large, max-video-preview:-1\" \/>\n<link rel=\"canonical\" href=\"https:\/\/nrdocusafe.lu\/de\/unsere-zertifizierungen\/\" \/>\n<meta property=\"og:locale\" content=\"de_DE\" \/>\n<meta property=\"og:type\" content=\"article\" \/>\n<meta property=\"og:title\" content=\"Unsere Zertifizierungen - nrdocusafe\" \/>\n<meta property=\"og:description\" content=\"Erkunden Sie unsere angesehenen Zertifizierungen und Siegel, die unsere Einhaltung von Qualit\u00e4ts- und Umweltstandards belegen.\" \/>\n<meta property=\"og:url\" content=\"https:\/\/nrdocusafe.lu\/de\/unsere-zertifizierungen\/\" \/>\n<meta property=\"og:site_name\" content=\"nrdocusafe\" \/>\n<meta property=\"article:modified_time\" content=\"2025-01-03T11:05:46+00:00\" \/>\n<meta name=\"twitter:card\" content=\"summary_large_image\" \/>\n<meta name=\"twitter:label1\" content=\"Gesch\u00e4tzte Lesezeit\" \/>\n\t<meta name=\"twitter:data1\" content=\"2\u00a0Minuten\" \/>\n<script type=\"application\/ld+json\" class=\"yoast-schema-graph\">{\"@context\":\"https:\/\/schema.org\",\"@graph\":[{\"@type\":\"WebPage\",\"@id\":\"https:\/\/nrdocusafe.lu\/de\/unsere-zertifizierungen\/\",\"url\":\"https:\/\/nrdocusafe.lu\/de\/unsere-zertifizierungen\/\",\"name\":\"Unsere Zertifizierungen - nrdocusafe\",\"isPartOf\":{\"@id\":\"https:\/\/nrdocusafe.lu\/de\/#website\"},\"datePublished\":\"2023-12-11T13:09:33+00:00\",\"dateModified\":\"2025-01-03T11:05:46+00:00\",\"description\":\"Erkunden Sie unsere angesehenen Zertifizierungen und Siegel, die unsere Einhaltung von Qualit\u00e4ts- und Umweltstandards belegen.\",\"breadcrumb\":{\"@id\":\"https:\/\/nrdocusafe.lu\/de\/unsere-zertifizierungen\/#breadcrumb\"},\"inLanguage\":\"de\",\"potentialAction\":[{\"@type\":\"ReadAction\",\"target\":[\"https:\/\/nrdocusafe.lu\/de\/unsere-zertifizierungen\/\"]}]},{\"@type\":\"BreadcrumbList\",\"@id\":\"https:\/\/nrdocusafe.lu\/de\/unsere-zertifizierungen\/#breadcrumb\",\"itemListElement\":[{\"@type\":\"ListItem\",\"position\":1,\"name\":\"Home\",\"item\":\"https:\/\/nrdocusafe.lu\/de\/startseite\/\"},{\"@type\":\"ListItem\",\"position\":2,\"name\":\"Unsere Zertifizierungen\"}]},{\"@type\":\"WebSite\",\"@id\":\"https:\/\/nrdocusafe.lu\/de\/#website\",\"url\":\"https:\/\/nrdocusafe.lu\/de\/\",\"name\":\"nr docusafe\",\"description\":\"When highest care becomes standard\",\"publisher\":{\"@id\":\"https:\/\/nrdocusafe.lu\/de\/#organization\"},\"potentialAction\":[{\"@type\":\"SearchAction\",\"target\":{\"@type\":\"EntryPoint\",\"urlTemplate\":\"https:\/\/nrdocusafe.lu\/de\/?s={search_term_string}\"},\"query-input\":{\"@type\":\"PropertyValueSpecification\",\"valueRequired\":true,\"valueName\":\"search_term_string\"}}],\"inLanguage\":\"de\"},{\"@type\":\"Organization\",\"@id\":\"https:\/\/nrdocusafe.lu\/de\/#organization\",\"name\":\"nr docusafe\",\"url\":\"https:\/\/nrdocusafe.lu\/de\/\",\"logo\":{\"@type\":\"ImageObject\",\"inLanguage\":\"de\",\"@id\":\"https:\/\/nrdocusafe.lu\/de\/#\/schema\/logo\/image\/\",\"url\":\"https:\/\/nrdocusafe.lu\/wp-content\/uploads\/2023\/09\/NrDocusafe.png\",\"contentUrl\":\"https:\/\/nrdocusafe.lu\/wp-content\/uploads\/2023\/09\/NrDocusafe.png\",\"width\":209,\"height\":104,\"caption\":\"nr docusafe\"},\"image\":{\"@id\":\"https:\/\/nrdocusafe.lu\/de\/#\/schema\/logo\/image\/\"},\"sameAs\":[\"https:\/\/www.linkedin.com\/company\/nr-docusafe\/\",\"https:\/\/www.instagram.com\/nrdocusafe?igsh=M2puNW13NWFyZjJu\"]}]}<\/script>\n<!-- \/ Yoast SEO plugin. -->","yoast_head_json":{"title":"Unsere Zertifizierungen - nrdocusafe","description":"Erkunden Sie unsere angesehenen Zertifizierungen und Siegel, die unsere Einhaltung von Qualit\u00e4ts- und Umweltstandards belegen.","robots":{"index":"index","follow":"follow","max-snippet":"max-snippet:-1","max-image-preview":"max-image-preview:large","max-video-preview":"max-video-preview:-1"},"canonical":"https:\/\/nrdocusafe.lu\/de\/unsere-zertifizierungen\/","og_locale":"de_DE","og_type":"article","og_title":"Unsere Zertifizierungen - nrdocusafe","og_description":"Erkunden Sie unsere angesehenen Zertifizierungen und Siegel, die unsere Einhaltung von Qualit\u00e4ts- und Umweltstandards belegen.","og_url":"https:\/\/nrdocusafe.lu\/de\/unsere-zertifizierungen\/","og_site_name":"nrdocusafe","article_modified_time":"2025-01-03T11:05:46+00:00","twitter_card":"summary_large_image","twitter_misc":{"Gesch\u00e4tzte Lesezeit":"2\u00a0Minuten"},"schema":{"@context":"https:\/\/schema.org","@graph":[{"@type":"WebPage","@id":"https:\/\/nrdocusafe.lu\/de\/unsere-zertifizierungen\/","url":"https:\/\/nrdocusafe.lu\/de\/unsere-zertifizierungen\/","name":"Unsere Zertifizierungen - nrdocusafe","isPartOf":{"@id":"https:\/\/nrdocusafe.lu\/de\/#website"},"datePublished":"2023-12-11T13:09:33+00:00","dateModified":"2025-01-03T11:05:46+00:00","description":"Erkunden Sie unsere angesehenen Zertifizierungen und Siegel, die unsere Einhaltung von Qualit\u00e4ts- und Umweltstandards belegen.","breadcrumb":{"@id":"https:\/\/nrdocusafe.lu\/de\/unsere-zertifizierungen\/#breadcrumb"},"inLanguage":"de","potentialAction":[{"@type":"ReadAction","target":["https:\/\/nrdocusafe.lu\/de\/unsere-zertifizierungen\/"]}]},{"@type":"BreadcrumbList","@id":"https:\/\/nrdocusafe.lu\/de\/unsere-zertifizierungen\/#breadcrumb","itemListElement":[{"@type":"ListItem","position":1,"name":"Home","item":"https:\/\/nrdocusafe.lu\/de\/startseite\/"},{"@type":"ListItem","position":2,"name":"Unsere Zertifizierungen"}]},{"@type":"WebSite","@id":"https:\/\/nrdocusafe.lu\/de\/#website","url":"https:\/\/nrdocusafe.lu\/de\/","name":"nr docusafe","description":"When highest care becomes standard","publisher":{"@id":"https:\/\/nrdocusafe.lu\/de\/#organization"},"potentialAction":[{"@type":"SearchAction","target":{"@type":"EntryPoint","urlTemplate":"https:\/\/nrdocusafe.lu\/de\/?s={search_term_string}"},"query-input":{"@type":"PropertyValueSpecification","valueRequired":true,"valueName":"search_term_string"}}],"inLanguage":"de"},{"@type":"Organization","@id":"https:\/\/nrdocusafe.lu\/de\/#organization","name":"nr docusafe","url":"https:\/\/nrdocusafe.lu\/de\/","logo":{"@type":"ImageObject","inLanguage":"de","@id":"https:\/\/nrdocusafe.lu\/de\/#\/schema\/logo\/image\/","url":"https:\/\/nrdocusafe.lu\/wp-content\/uploads\/2023\/09\/NrDocusafe.png","contentUrl":"https:\/\/nrdocusafe.lu\/wp-content\/uploads\/2023\/09\/NrDocusafe.png","width":209,"height":104,"caption":"nr docusafe"},"image":{"@id":"https:\/\/nrdocusafe.lu\/de\/#\/schema\/logo\/image\/"},"sameAs":["https:\/\/www.linkedin.com\/company\/nr-docusafe\/","https:\/\/www.instagram.com\/nrdocusafe?igsh=M2puNW13NWFyZjJu"]}]}},"_links":{"self":[{"href":"https:\/\/nrdocusafe.lu\/de\/wp-json\/wp\/v2\/pages\/1214","targetHints":{"allow":["GET"]}}],"collection":[{"href":"https:\/\/nrdocusafe.lu\/de\/wp-json\/wp\/v2\/pages"}],"about":[{"href":"https:\/\/nrdocusafe.lu\/de\/wp-json\/wp\/v2\/types\/page"}],"author":[{"embeddable":true,"href":"https:\/\/nrdocusafe.lu\/de\/wp-json\/wp\/v2\/users\/2"}],"replies":[{"embeddable":true,"href":"https:\/\/nrdocusafe.lu\/de\/wp-json\/wp\/v2\/comments?post=1214"}],"version-history":[{"count":5,"href":"https:\/\/nrdocusafe.lu\/de\/wp-json\/wp\/v2\/pages\/1214\/revisions"}],"predecessor-version":[{"id":1844,"href":"https:\/\/nrdocusafe.lu\/de\/wp-json\/wp\/v2\/pages\/1214\/revisions\/1844"}],"wp:attachment":[{"href":"https:\/\/nrdocusafe.lu\/de\/wp-json\/wp\/v2\/media?parent=1214"}],"curies":[{"name":"wp","href":"https:\/\/api.w.org\/{rel}","templated":true}]}}