{"id":1221,"date":"2023-09-20T13:59:21","date_gmt":"2023-09-20T11:59:21","guid":{"rendered":"https:\/\/nrdocusafe.lu\/ueber-uns\/"},"modified":"2024-03-14T10:16:14","modified_gmt":"2024-03-14T09:16:14","slug":"ueber-uns","status":"publish","type":"page","link":"https:\/\/nrdocusafe.lu\/de\/ueber-uns\/","title":{"rendered":"\u00dcber uns"},"content":{"rendered":"\t\t<div data-elementor-type=\"wp-page\" data-elementor-id=\"1221\" class=\"elementor elementor-1221 elementor-3\" data-elementor-post-type=\"page\">\n\t\t\t\t<div class=\"elementor-element elementor-element-eece28b e-flex e-con-boxed e-con e-parent\" data-id=\"eece28b\" data-element_type=\"container\" data-e-type=\"container\" data-settings=\"{&quot;background_background&quot;:&quot;classic&quot;}\">\n\t\t\t\t\t<div class=\"e-con-inner\">\n\t\t<div class=\"elementor-element elementor-element-293c4dbe e-con-full e-flex e-con e-child\" data-id=\"293c4dbe\" data-element_type=\"container\" data-e-type=\"container\">\n\t\t\t\t<div class=\"elementor-element elementor-element-5b9fdb1f elementor-widget elementor-widget-heading\" data-id=\"5b9fdb1f\" data-element_type=\"widget\" data-e-type=\"widget\" data-widget_type=\"heading.default\">\n\t\t\t\t<div class=\"elementor-widget-container\">\n\t\t\t\t\t<h1 class=\"elementor-heading-title elementor-size-default\">nr docusafe: Eine Tradition des Vertrauens und der Innovation\n<\/h1>\t\t\t\t<\/div>\n\t\t\t\t<\/div>\n\t\t\t\t<div class=\"elementor-element elementor-element-33e1af9 elementor-widget elementor-widget-video\" data-id=\"33e1af9\" data-element_type=\"widget\" data-e-type=\"widget\" data-settings=\"{&quot;video_type&quot;:&quot;hosted&quot;,&quot;autoplay&quot;:&quot;yes&quot;,&quot;play_on_mobile&quot;:&quot;yes&quot;,&quot;controls&quot;:&quot;yes&quot;}\" data-widget_type=\"video.default\">\n\t\t\t\t<div class=\"elementor-widget-container\">\n\t\t\t\t\t\t\t<div class=\"e-hosted-video elementor-wrapper elementor-open-inline\">\n\t\t\t\t\t<video class=\"elementor-video\" src=\"https:\/\/nrdocusafe.lu\/wp-content\/uploads\/2024\/02\/steve-en02.mp4\" autoplay=\"\" controls=\"\" playsinline=\"\" controlsList=\"nodownload\"><\/video>\n\t\t\t\t<\/div>\n\t\t\t\t\t\t<\/div>\n\t\t\t\t<\/div>\n\t\t\t\t<\/div>\n\t\t\t\t\t<\/div>\n\t\t\t\t<\/div>\n\t\t<div class=\"elementor-element elementor-element-39dc4ef e-flex e-con-boxed e-con e-parent\" data-id=\"39dc4ef\" data-element_type=\"container\" data-e-type=\"container\">\n\t\t\t\t\t<div class=\"e-con-inner\">\n\t\t<div class=\"elementor-element elementor-element-972b2e4 e-con-full e-flex e-con e-child\" data-id=\"972b2e4\" data-element_type=\"container\" data-e-type=\"container\">\n\t\t\t\t<div class=\"elementor-element elementor-element-02cbaa9 elementor-widget elementor-widget-heading\" data-id=\"02cbaa9\" data-element_type=\"widget\" data-e-type=\"widget\" data-widget_type=\"heading.default\">\n\t\t\t\t<div class=\"elementor-widget-container\">\n\t\t\t\t\t<h2 class=\"elementor-heading-title elementor-size-default\">Eine Geschichte \u00fcber Familie und Datensicherheit<\/h2>\t\t\t\t<\/div>\n\t\t\t\t<\/div>\n\t\t\t\t<div class=\"elementor-element elementor-element-25f3ad0 elementor-widget__width-inherit elementor-widget elementor-widget-text-editor\" data-id=\"25f3ad0\" data-element_type=\"widget\" data-e-type=\"widget\" data-widget_type=\"text-editor.default\">\n\t\t\t\t<div class=\"elementor-widget-container\">\n\t\t\t\t\t\t\t\t\t<p>Seit seiner Gr\u00fcndung im Jahr 1995 zeichnet sich nr docusafe als Familienunternehmen aus, das sich dem Schutz und der sicheren Verwaltung von Daten verpflichtet hat. Unser Weg, der in einer Tradition des Vertrauens und der Verpflichtung gegen\u00fcber unseren Kunden verwurzelt ist, begann mit einer klaren Vision: Datensicherheitsl\u00f6sungen anzubieten, die auf die sich \u00e4ndernden Bed\u00fcrfnisse unserer Gesellschaft zugeschnitten sind.<\/p>\n\t\t\t\t\t\t\t\t<\/div>\n\t\t\t\t<\/div>\n\t\t\t\t<\/div>\n\t\t<div class=\"elementor-element elementor-element-a24cea1 e-con-full e-flex e-con e-child\" data-id=\"a24cea1\" data-element_type=\"container\" data-e-type=\"container\">\n\t\t\t\t<div class=\"elementor-element elementor-element-a7b0ccc elementor-widget elementor-widget-heading\" data-id=\"a7b0ccc\" data-element_type=\"widget\" data-e-type=\"widget\" data-widget_type=\"heading.default\">\n\t\t\t\t<div class=\"elementor-widget-container\">\n\t\t\t\t\t<h2 class=\"elementor-heading-title elementor-size-default\">Wachstum und Anpassung an hohe Standards<\/h2>\t\t\t\t<\/div>\n\t\t\t\t<\/div>\n\t\t\t\t<div class=\"elementor-element elementor-element-038bed0 elementor-widget elementor-widget-text-editor\" data-id=\"038bed0\" data-element_type=\"widget\" data-e-type=\"widget\" data-widget_type=\"text-editor.default\">\n\t\t\t\t<div class=\"elementor-widget-container\">\n\t\t\t\t\t\t\t\t\t<p>Im Laufe der Jahre hat sich nr docusafe von einem kleinen Unternehmen zu einem wichtigen Akteur in der Datensicherheitsbranche entwickelt. Im Mai 2006 wurde uns aufgrund unseres Engagements f\u00fcr Spitzenleistungen und Konformit\u00e4t die PSF-Zulassung verliehen, eine Anerkennung unserer Einhaltung der hohen Standards des Finanzsektors und ein Beweis f\u00fcr unsere Zuverl\u00e4ssigkeit.<\/p>\n\t\t\t\t\t\t\t\t<\/div>\n\t\t\t\t<\/div>\n\t\t\t\t<\/div>\n\t\t\t\t\t<\/div>\n\t\t\t\t<\/div>\n\t\t<div class=\"elementor-element elementor-element-3740427 e-flex e-con-boxed e-con e-parent\" data-id=\"3740427\" data-element_type=\"container\" data-e-type=\"container\">\n\t\t\t\t\t<div class=\"e-con-inner\">\n\t\t<div class=\"elementor-element elementor-element-a06bb5a e-con-full e-flex e-con e-child\" data-id=\"a06bb5a\" data-element_type=\"container\" data-e-type=\"container\">\n\t\t\t\t<div class=\"elementor-element elementor-element-9823ce2 elementor-widget elementor-widget-heading\" data-id=\"9823ce2\" data-element_type=\"widget\" data-e-type=\"widget\" data-widget_type=\"heading.default\">\n\t\t\t\t<div class=\"elementor-widget-container\">\n\t\t\t\t\t<h2 class=\"elementor-heading-title elementor-size-default\">Unsere R\u00e4umlichkeiten: ein Zeichen f\u00fcr Sicherheit und Innovation<\/h2>\t\t\t\t<\/div>\n\t\t\t\t<\/div>\n\t\t\t\t<div class=\"elementor-element elementor-element-a3ef9cd elementor-widget elementor-widget-text-editor\" data-id=\"a3ef9cd\" data-element_type=\"widget\" data-e-type=\"widget\" data-widget_type=\"text-editor.default\">\n\t\t\t\t<div class=\"elementor-widget-container\">\n\t\t\t\t\t\t\t\t\t<p>Als Reaktion auf das Wachstum und die Anforderungen unseres Gesch\u00e4fts haben wir in moderne und sichere R\u00e4umlichkeiten im Industriegebiet Breedewues in Senningerberg investiert. Diese Einrichtungen spiegeln unser Engagement f\u00fcr Datensicherheit und unseren Willen zur st\u00e4ndigen Innovation wieder, um den Bed\u00fcrfnissen unserer Partner gerecht zu werden. Unser Redundanzstandort befindet sich in der ZAC Kl\u00e9ngbousbierg in Bissen.<\/p>\n\t\t\t\t\t\t\t\t<\/div>\n\t\t\t\t<\/div>\n\t\t\t\t<\/div>\n\t\t<div class=\"elementor-element elementor-element-5c37883 e-con-full e-flex e-con e-child\" data-id=\"5c37883\" data-element_type=\"container\" data-e-type=\"container\">\n\t\t\t\t<div class=\"elementor-element elementor-element-bbc077d elementor-widget elementor-widget-heading\" data-id=\"bbc077d\" data-element_type=\"widget\" data-e-type=\"widget\" data-widget_type=\"heading.default\">\n\t\t\t\t<div class=\"elementor-widget-container\">\n\t\t\t\t\t<h2 class=\"elementor-heading-title elementor-size-default\">Nr docusafe heute: ein Ma\u00dfstab in der Branche<\/h2>\t\t\t\t<\/div>\n\t\t\t\t<\/div>\n\t\t\t\t<div class=\"elementor-element elementor-element-584f8d9 elementor-widget elementor-widget-text-editor\" data-id=\"584f8d9\" data-element_type=\"widget\" data-e-type=\"widget\" data-widget_type=\"text-editor.default\">\n\t\t\t\t<div class=\"elementor-widget-container\">\n\t\t\t\t\t\t\t\t\t<p>Heute ist nr docusafe als Referenz im Bereich der sicheren Vernichtung von Datentr\u00e4gern und der Archivierung anerkannt. Unsere Geschichte ist die eines Unternehmens, das es geschafft hat, zu wachsen und dabei seinen Familienwerten treu zu bleiben: Integrit\u00e4t, Vertrauen und ein pers\u00f6nlicher Umgang mit jedem Kunden.<\/p>\n\t\t\t\t\t\t\t\t<\/div>\n\t\t\t\t<\/div>\n\t\t\t\t<\/div>\n\t\t\t\t\t<\/div>\n\t\t\t\t<\/div>\n\t\t<div class=\"elementor-element elementor-element-1370807e e-flex e-con-boxed e-con e-parent\" data-id=\"1370807e\" data-element_type=\"container\" data-e-type=\"container\">\n\t\t\t\t\t<div class=\"e-con-inner\">\n\t\t\t\t<div class=\"elementor-element elementor-element-1c7dfb71 elementor-widget elementor-widget-heading\" data-id=\"1c7dfb71\" data-element_type=\"widget\" data-e-type=\"widget\" data-widget_type=\"heading.default\">\n\t\t\t\t<div class=\"elementor-widget-container\">\n\t\t\t\t\t<h3 class=\"elementor-heading-title elementor-size-default\">Haben Sie eine Frage oder einen Bedarf? Z\u00f6gern Sie nicht, uns f\u00fcr weitere Informationen zu kontaktieren.<\/h3>\t\t\t\t<\/div>\n\t\t\t\t<\/div>\n\t\t\t\t<div class=\"elementor-element elementor-element-32e4ce05 elementor-align-center elementor-mobile-align-center elementor-widget elementor-widget-button\" data-id=\"32e4ce05\" data-element_type=\"widget\" data-e-type=\"widget\" data-widget_type=\"button.default\">\n\t\t\t\t<div class=\"elementor-widget-container\">\n\t\t\t\t\t\t\t\t\t<div class=\"elementor-button-wrapper\">\n\t\t\t\t\t<a class=\"elementor-button elementor-button-link elementor-size-sm\" href=\"https:\/\/nrdocusafe.lu\/de\/kontakt\/\">\n\t\t\t\t\t\t<span class=\"elementor-button-content-wrapper\">\n\t\t\t\t\t\t\t\t\t<span class=\"elementor-button-text\">Kontaktieren Sie uns<\/span>\n\t\t\t\t\t<\/span>\n\t\t\t\t\t<\/a>\n\t\t\t\t<\/div>\n\t\t\t\t\t\t\t\t<\/div>\n\t\t\t\t<\/div>\n\t\t\t\t\t<\/div>\n\t\t\t\t<\/div>\n\t\t<div class=\"elementor-element elementor-element-3ccc0d3 e-flex e-con-boxed e-con e-parent\" data-id=\"3ccc0d3\" data-element_type=\"container\" data-e-type=\"container\">\n\t\t\t\t\t<div class=\"e-con-inner\">\n\t\t\t\t<div class=\"elementor-element elementor-element-26641e5 elementor-widget elementor-widget-spacer\" data-id=\"26641e5\" data-element_type=\"widget\" data-e-type=\"widget\" data-widget_type=\"spacer.default\">\n\t\t\t\t<div class=\"elementor-widget-container\">\n\t\t\t\t\t\t\t<div class=\"elementor-spacer\">\n\t\t\t<div class=\"elementor-spacer-inner\"><\/div>\n\t\t<\/div>\n\t\t\t\t\t\t<\/div>\n\t\t\t\t<\/div>\n\t\t\t\t\t<\/div>\n\t\t\t\t<\/div>\n\t\t\t\t<\/div>\n\t\t","protected":false},"excerpt":{"rendered":"<p>nr docusafe: Eine Tradition des Vertrauens und der Innovation https:\/\/nrdocusafe.lu\/wp-content\/uploads\/2024\/02\/steve-en02.mp4 Eine Geschichte \u00fcber Familie und Datensicherheit Seit seiner Gr\u00fcndung im Jahr 1995 zeichnet sich nr docusafe als Familienunternehmen aus, das sich dem Schutz und der sicheren Verwaltung von Daten verpflichtet hat. Unser Weg, der in einer Tradition des Vertrauens und der Verpflichtung gegen\u00fcber unseren Kunden [&hellip;]<\/p>\n","protected":false},"author":1,"featured_media":0,"parent":0,"menu_order":0,"comment_status":"closed","ping_status":"closed","template":"","meta":{"footnotes":""},"class_list":["post-1221","page","type-page","status-publish","hentry"],"yoast_head":"<!-- This site is optimized with the Yoast SEO plugin v27.2 - https:\/\/yoast.com\/product\/yoast-seo-wordpress\/ -->\n<title>nr docusafe: Eine Tradition des Vertrauens und der Innovation<\/title>\n<meta name=\"description\" content=\"Seit seiner Gr\u00fcndung im Jahr 1995 zeichnet sich nr docusafe als Familienunternehmen aus, das sich dem Schutz und der sicheren Verwaltung von Daten verpflichtet hat.\" \/>\n<meta name=\"robots\" content=\"index, follow, max-snippet:-1, max-image-preview:large, max-video-preview:-1\" \/>\n<link rel=\"canonical\" href=\"https:\/\/nrdocusafe.lu\/de\/ueber-uns\/\" \/>\n<meta property=\"og:locale\" content=\"de_DE\" \/>\n<meta property=\"og:type\" content=\"article\" \/>\n<meta property=\"og:title\" content=\"nr docusafe: Eine Tradition des Vertrauens und der Innovation\" \/>\n<meta property=\"og:description\" content=\"Seit seiner Gr\u00fcndung im Jahr 1995 zeichnet sich nr docusafe als Familienunternehmen aus, das sich dem Schutz und der sicheren Verwaltung von Daten verpflichtet hat.\" \/>\n<meta property=\"og:url\" content=\"https:\/\/nrdocusafe.lu\/de\/ueber-uns\/\" \/>\n<meta property=\"og:site_name\" content=\"nrdocusafe\" \/>\n<meta property=\"article:modified_time\" content=\"2024-03-14T09:16:14+00:00\" \/>\n<meta name=\"twitter:card\" content=\"summary_large_image\" \/>\n<meta name=\"twitter:label1\" content=\"Gesch\u00e4tzte Lesezeit\" \/>\n\t<meta name=\"twitter:data1\" content=\"1\u00a0Minute\" \/>\n<script type=\"application\/ld+json\" class=\"yoast-schema-graph\">{\"@context\":\"https:\/\/schema.org\",\"@graph\":[{\"@type\":\"WebPage\",\"@id\":\"https:\/\/nrdocusafe.lu\/de\/ueber-uns\/\",\"url\":\"https:\/\/nrdocusafe.lu\/de\/ueber-uns\/\",\"name\":\"nr docusafe: Eine Tradition des Vertrauens und der Innovation\",\"isPartOf\":{\"@id\":\"https:\/\/nrdocusafe.lu\/de\/#website\"},\"datePublished\":\"2023-09-20T11:59:21+00:00\",\"dateModified\":\"2024-03-14T09:16:14+00:00\",\"description\":\"Seit seiner Gr\u00fcndung im Jahr 1995 zeichnet sich nr docusafe als Familienunternehmen aus, das sich dem Schutz und der sicheren Verwaltung von Daten verpflichtet hat.\",\"breadcrumb\":{\"@id\":\"https:\/\/nrdocusafe.lu\/de\/ueber-uns\/#breadcrumb\"},\"inLanguage\":\"de\",\"potentialAction\":[{\"@type\":\"ReadAction\",\"target\":[\"https:\/\/nrdocusafe.lu\/de\/ueber-uns\/\"]}]},{\"@type\":\"BreadcrumbList\",\"@id\":\"https:\/\/nrdocusafe.lu\/de\/ueber-uns\/#breadcrumb\",\"itemListElement\":[{\"@type\":\"ListItem\",\"position\":1,\"name\":\"Home\",\"item\":\"https:\/\/nrdocusafe.lu\/de\/startseite\/\"},{\"@type\":\"ListItem\",\"position\":2,\"name\":\"\u00dcber uns\"}]},{\"@type\":\"WebSite\",\"@id\":\"https:\/\/nrdocusafe.lu\/de\/#website\",\"url\":\"https:\/\/nrdocusafe.lu\/de\/\",\"name\":\"nr docusafe\",\"description\":\"When highest care becomes standard\",\"publisher\":{\"@id\":\"https:\/\/nrdocusafe.lu\/de\/#organization\"},\"potentialAction\":[{\"@type\":\"SearchAction\",\"target\":{\"@type\":\"EntryPoint\",\"urlTemplate\":\"https:\/\/nrdocusafe.lu\/de\/?s={search_term_string}\"},\"query-input\":{\"@type\":\"PropertyValueSpecification\",\"valueRequired\":true,\"valueName\":\"search_term_string\"}}],\"inLanguage\":\"de\"},{\"@type\":\"Organization\",\"@id\":\"https:\/\/nrdocusafe.lu\/de\/#organization\",\"name\":\"nr docusafe\",\"url\":\"https:\/\/nrdocusafe.lu\/de\/\",\"logo\":{\"@type\":\"ImageObject\",\"inLanguage\":\"de\",\"@id\":\"https:\/\/nrdocusafe.lu\/de\/#\/schema\/logo\/image\/\",\"url\":\"https:\/\/nrdocusafe.lu\/wp-content\/uploads\/2023\/09\/NrDocusafe.png\",\"contentUrl\":\"https:\/\/nrdocusafe.lu\/wp-content\/uploads\/2023\/09\/NrDocusafe.png\",\"width\":209,\"height\":104,\"caption\":\"nr docusafe\"},\"image\":{\"@id\":\"https:\/\/nrdocusafe.lu\/de\/#\/schema\/logo\/image\/\"},\"sameAs\":[\"https:\/\/www.linkedin.com\/company\/nr-docusafe\/\",\"https:\/\/www.instagram.com\/nrdocusafe?igsh=M2puNW13NWFyZjJu\"]}]}<\/script>\n<!-- \/ Yoast SEO plugin. -->","yoast_head_json":{"title":"nr docusafe: Eine Tradition des Vertrauens und der Innovation","description":"Seit seiner Gr\u00fcndung im Jahr 1995 zeichnet sich nr docusafe als Familienunternehmen aus, das sich dem Schutz und der sicheren Verwaltung von Daten verpflichtet hat.","robots":{"index":"index","follow":"follow","max-snippet":"max-snippet:-1","max-image-preview":"max-image-preview:large","max-video-preview":"max-video-preview:-1"},"canonical":"https:\/\/nrdocusafe.lu\/de\/ueber-uns\/","og_locale":"de_DE","og_type":"article","og_title":"nr docusafe: Eine Tradition des Vertrauens und der Innovation","og_description":"Seit seiner Gr\u00fcndung im Jahr 1995 zeichnet sich nr docusafe als Familienunternehmen aus, das sich dem Schutz und der sicheren Verwaltung von Daten verpflichtet hat.","og_url":"https:\/\/nrdocusafe.lu\/de\/ueber-uns\/","og_site_name":"nrdocusafe","article_modified_time":"2024-03-14T09:16:14+00:00","twitter_card":"summary_large_image","twitter_misc":{"Gesch\u00e4tzte Lesezeit":"1\u00a0Minute"},"schema":{"@context":"https:\/\/schema.org","@graph":[{"@type":"WebPage","@id":"https:\/\/nrdocusafe.lu\/de\/ueber-uns\/","url":"https:\/\/nrdocusafe.lu\/de\/ueber-uns\/","name":"nr docusafe: Eine Tradition des Vertrauens und der Innovation","isPartOf":{"@id":"https:\/\/nrdocusafe.lu\/de\/#website"},"datePublished":"2023-09-20T11:59:21+00:00","dateModified":"2024-03-14T09:16:14+00:00","description":"Seit seiner Gr\u00fcndung im Jahr 1995 zeichnet sich nr docusafe als Familienunternehmen aus, das sich dem Schutz und der sicheren Verwaltung von Daten verpflichtet hat.","breadcrumb":{"@id":"https:\/\/nrdocusafe.lu\/de\/ueber-uns\/#breadcrumb"},"inLanguage":"de","potentialAction":[{"@type":"ReadAction","target":["https:\/\/nrdocusafe.lu\/de\/ueber-uns\/"]}]},{"@type":"BreadcrumbList","@id":"https:\/\/nrdocusafe.lu\/de\/ueber-uns\/#breadcrumb","itemListElement":[{"@type":"ListItem","position":1,"name":"Home","item":"https:\/\/nrdocusafe.lu\/de\/startseite\/"},{"@type":"ListItem","position":2,"name":"\u00dcber uns"}]},{"@type":"WebSite","@id":"https:\/\/nrdocusafe.lu\/de\/#website","url":"https:\/\/nrdocusafe.lu\/de\/","name":"nr docusafe","description":"When highest care becomes standard","publisher":{"@id":"https:\/\/nrdocusafe.lu\/de\/#organization"},"potentialAction":[{"@type":"SearchAction","target":{"@type":"EntryPoint","urlTemplate":"https:\/\/nrdocusafe.lu\/de\/?s={search_term_string}"},"query-input":{"@type":"PropertyValueSpecification","valueRequired":true,"valueName":"search_term_string"}}],"inLanguage":"de"},{"@type":"Organization","@id":"https:\/\/nrdocusafe.lu\/de\/#organization","name":"nr docusafe","url":"https:\/\/nrdocusafe.lu\/de\/","logo":{"@type":"ImageObject","inLanguage":"de","@id":"https:\/\/nrdocusafe.lu\/de\/#\/schema\/logo\/image\/","url":"https:\/\/nrdocusafe.lu\/wp-content\/uploads\/2023\/09\/NrDocusafe.png","contentUrl":"https:\/\/nrdocusafe.lu\/wp-content\/uploads\/2023\/09\/NrDocusafe.png","width":209,"height":104,"caption":"nr docusafe"},"image":{"@id":"https:\/\/nrdocusafe.lu\/de\/#\/schema\/logo\/image\/"},"sameAs":["https:\/\/www.linkedin.com\/company\/nr-docusafe\/","https:\/\/www.instagram.com\/nrdocusafe?igsh=M2puNW13NWFyZjJu"]}]}},"_links":{"self":[{"href":"https:\/\/nrdocusafe.lu\/de\/wp-json\/wp\/v2\/pages\/1221","targetHints":{"allow":["GET"]}}],"collection":[{"href":"https:\/\/nrdocusafe.lu\/de\/wp-json\/wp\/v2\/pages"}],"about":[{"href":"https:\/\/nrdocusafe.lu\/de\/wp-json\/wp\/v2\/types\/page"}],"author":[{"embeddable":true,"href":"https:\/\/nrdocusafe.lu\/de\/wp-json\/wp\/v2\/users\/1"}],"replies":[{"embeddable":true,"href":"https:\/\/nrdocusafe.lu\/de\/wp-json\/wp\/v2\/comments?post=1221"}],"version-history":[{"count":4,"href":"https:\/\/nrdocusafe.lu\/de\/wp-json\/wp\/v2\/pages\/1221\/revisions"}],"predecessor-version":[{"id":1677,"href":"https:\/\/nrdocusafe.lu\/de\/wp-json\/wp\/v2\/pages\/1221\/revisions\/1677"}],"wp:attachment":[{"href":"https:\/\/nrdocusafe.lu\/de\/wp-json\/wp\/v2\/media?parent=1221"}],"curies":[{"name":"wp","href":"https:\/\/api.w.org\/{rel}","templated":true}]}}